{"id":20096,"date":"2020-05-08T17:24:23","date_gmt":"2020-05-08T15:24:23","guid":{"rendered":"https:\/\/www.scheible.de\/?page_id=20096"},"modified":"2020-05-30T16:53:57","modified_gmt":"2020-05-30T14:53:57","slug":"hunger-auf-erde","status":"publish","type":"page","link":"https:\/\/www.scheible.de\/de\/einblick\/hunger-auf-erde\/","title":{"rendered":"Hunger auf Erde"},"content":{"rendered":"<p>Ein Hersteller von Maschinen zur Kompostverarbeitung bat mich, eine seiner Maschine im Einsatz in einem Recyclingunternehmen zu fotografieren. Das gr\u00fcne Monster verschlingt Unmengen unsortiertes Abfallmaterial und trennt es in kompostierbare Anteile und dem was anderweitig verwertet werden muss. Als Fotograf nimmt man dabei recht schnell selbst den Geruch der verrottenden Erde an und die Ausr\u00fcstung verliert st\u00e4ndig den Durchblick, aber wow, das Monster geh\u00f6rt zu den Guten.<\/p>\n\n\n<section class='layout-isotope orderby-menu_order ID'>\n<div class='thumb-grid layout-container has-3-columns' id='thumb-grid-1' data-instance='1' >\n<div class='grid-sizer'><\/div>\n<div id='thumb-1-1' class='thumb layout-item gallery-thumb' data-instance='1' data-hash='reportagefotografie-kompostsiebmaschine-gegenlicht' data-bg='#788288' data-brightness='dark'>\n<div class='thumb-inner'>\n<div class='thumb-bg' aria-hidden='true' style='background-color:#788288; padding-bottom: calc(3788 \/ 5682 * 100%)'><\/div><figure><img src='data:image\/gif;base64,R0lGODlhAQABAIAAAP\/\/\/\/\/\/\/yH5BAEKAAEALAAAAAABAAEAAAICTAEAOw==' class='lazy' data-src='https:\/\/www.scheible.de\/wp-content\/uploads\/2020\/05\/reportagefotografie-kompostsiebmaschine-gegenlicht-800x533.jpg' data-srcset='https:\/\/www.scheible.de\/wp-content\/uploads\/2020\/05\/reportagefotografie-kompostsiebmaschine-gegenlicht-300x200.jpg 320w, https:\/\/www.scheible.de\/wp-content\/uploads\/2020\/05\/reportagefotografie-kompostsiebmaschine-gegenlicht-800x533.jpg 750w, https:\/\/www.scheible.de\/wp-content\/uploads\/2020\/05\/reportagefotografie-kompostsiebmaschine-gegenlicht-1500x1000.jpg' data-src-full='https:\/\/www.scheible.de\/wp-content\/uploads\/2020\/05\/reportagefotografie-kompostsiebmaschine-gegenlicht-300x200.jpg 320w, https:\/\/www.scheible.de\/wp-content\/uploads\/2020\/05\/reportagefotografie-kompostsiebmaschine-gegenlicht-800x533.jpg 750w, https:\/\/www.scheible.de\/wp-content\/uploads\/2020\/05\/reportagefotografie-kompostsiebmaschine-gegenlicht-1500x1000.jpg 1500w, https:\/\/www.scheible.de\/wp-content\/uploads\/2020\/05\/reportagefotografie-kompostsiebmaschine-gegenlicht-3000x2000.jpg' alt='Reportagefotografie: Eine Siebmaschine f\u00fcr Kompostabf\u00e4lle Reportagefotografie: Gegenlichtfoto einer Siebmaschine f\u00fcr Kompostabf\u00e4lle, die gerade von einem Schaufellader mit Material bef\u00fcllt wird.' width='5682' height='3788' \/><\/figure><noscript><figure style='background-color:#788288'><img src='https:\/\/www.scheible.de\/wp-content\/uploads\/2020\/05\/reportagefotografie-kompostsiebmaschine-gegenlicht-800x533.jpg' srcset='https:\/\/www.scheible.de\/wp-content\/uploads\/2020\/05\/reportagefotografie-kompostsiebmaschine-gegenlicht-300x200.jpg 320w, https:\/\/www.scheible.de\/wp-content\/uploads\/2020\/05\/reportagefotografie-kompostsiebmaschine-gegenlicht-800x533.jpg 750w, https:\/\/www.scheible.de\/wp-content\/uploads\/2020\/05\/reportagefotografie-kompostsiebmaschine-gegenlicht-1500x1000.jpg 1500w, https:\/\/www.scheible.de\/wp-content\/uploads\/2020\/05\/reportagefotografie-kompostsiebmaschine-gegenlicht.jpg' alt='Reportagefotografie: Eine Siebmaschine f\u00fcr Kompostabf\u00e4lle Reportagefotografie: Gegenlichtfoto einer Siebmaschine f\u00fcr Kompostabf\u00e4lle, die gerade von einem Schaufellader mit Material bef\u00fcllt wird.' width='5682' height='3788' \/><\/figure><\/noscript>\n<div class='full-size-caption element-invisible fs-hide'>Gegenlichtfoto einer Siebmaschine f\u00fcr Kompostabf\u00e4lle, die gerade von einem Schaufellader mit Material bef\u00fcllt wird.<\/div><p class='thumb-caption element-invisible'>Gegenlichtfoto einer Siebmaschine f\u00fcr Kompostabf\u00e4lle.<\/p>\n<\/div>\n<\/div>\n<div id='thumb-1-2' class='thumb layout-item gallery-thumb' data-instance='1' data-hash='reportagefotografie-kompostmaschine-gesiebte-erde' data-bg='#6E7676' data-brightness='bright'>\n<div class='thumb-inner'>\n<div class='thumb-bg' aria-hidden='true' style='background-color:#6E7676; padding-bottom: calc(4000 \/ 6000 * 100%)'><\/div><figure><img src='data:image\/gif;base64,R0lGODlhAQABAIAAAP\/\/\/\/\/\/\/yH5BAEKAAEALAAAAAABAAEAAAICTAEAOw==' class='lazy' data-src='https:\/\/www.scheible.de\/wp-content\/uploads\/2020\/05\/reportagefotografie-kompostmaschine-gesiebte-erde-800x533.jpg' data-srcset='https:\/\/www.scheible.de\/wp-content\/uploads\/2020\/05\/reportagefotografie-kompostmaschine-gesiebte-erde-300x200.jpg 320w, https:\/\/www.scheible.de\/wp-content\/uploads\/2020\/05\/reportagefotografie-kompostmaschine-gesiebte-erde-800x533.jpg 750w, https:\/\/www.scheible.de\/wp-content\/uploads\/2020\/05\/reportagefotografie-kompostmaschine-gesiebte-erde-1500x1000.jpg' data-src-full='https:\/\/www.scheible.de\/wp-content\/uploads\/2020\/05\/reportagefotografie-kompostmaschine-gesiebte-erde-300x200.jpg 320w, https:\/\/www.scheible.de\/wp-content\/uploads\/2020\/05\/reportagefotografie-kompostmaschine-gesiebte-erde-800x533.jpg 750w, https:\/\/www.scheible.de\/wp-content\/uploads\/2020\/05\/reportagefotografie-kompostmaschine-gesiebte-erde-1500x1000.jpg 1500w, https:\/\/www.scheible.de\/wp-content\/uploads\/2020\/05\/reportagefotografie-kompostmaschine-gesiebte-erde-3000x2000.jpg' alt='Reportagefotografie: Ein Mitarbeiter pr\u00fcft die Qualit\u00e4t der von einer Siebmaschine f\u00fcr Kompostabf\u00e4lle gesiebten Erde.' width='6000' height='4000' \/><\/figure><noscript><figure style='background-color:#6E7676'><img src='https:\/\/www.scheible.de\/wp-content\/uploads\/2020\/05\/reportagefotografie-kompostmaschine-gesiebte-erde-800x533.jpg' srcset='https:\/\/www.scheible.de\/wp-content\/uploads\/2020\/05\/reportagefotografie-kompostmaschine-gesiebte-erde-300x200.jpg 320w, https:\/\/www.scheible.de\/wp-content\/uploads\/2020\/05\/reportagefotografie-kompostmaschine-gesiebte-erde-800x533.jpg 750w, https:\/\/www.scheible.de\/wp-content\/uploads\/2020\/05\/reportagefotografie-kompostmaschine-gesiebte-erde-1500x1000.jpg 1500w, https:\/\/www.scheible.de\/wp-content\/uploads\/2020\/05\/reportagefotografie-kompostmaschine-gesiebte-erde.jpg' alt='Reportagefotografie: Ein Mitarbeiter pr\u00fcft die Qualit\u00e4t der von einer Siebmaschine f\u00fcr Kompostabf\u00e4lle gesiebten Erde.' width='6000' height='4000' \/><\/figure><\/noscript>\n<div class='full-size-caption element-invisible fs-hide'>Ein Mitarbeiter pr\u00fcft die Qualit\u00e4t der von einer Siebmaschine f\u00fcr Kompostabf\u00e4lle gesiebten Erde.<\/div><p class='thumb-caption element-invisible'>Ein Mitarbeiter pr\u00fcft die Qualit\u00e4t der von einer Siebmaschine gesiebten Erde.<\/p>\n<\/div>\n<\/div>\n<div id='thumb-1-3' class='thumb layout-item gallery-thumb' data-instance='1' data-hash='reportageftografie-kompostmaschine-haufen' data-bg='#7C8281' data-brightness='dark'>\n<div class='thumb-inner'>\n<div class='thumb-bg' aria-hidden='true' style='background-color:#7C8281; padding-bottom: calc(6336 \/ 9504 * 100%)'><\/div><figure><img src='data:image\/gif;base64,R0lGODlhAQABAIAAAP\/\/\/\/\/\/\/yH5BAEKAAEALAAAAAABAAEAAAICTAEAOw==' class='lazy' data-src='https:\/\/www.scheible.de\/wp-content\/uploads\/2020\/05\/reportageftografie-kompostmaschine-haufen-800x533.jpg' data-srcset='https:\/\/www.scheible.de\/wp-content\/uploads\/2020\/05\/reportageftografie-kompostmaschine-haufen-300x200.jpg 320w, https:\/\/www.scheible.de\/wp-content\/uploads\/2020\/05\/reportageftografie-kompostmaschine-haufen-800x533.jpg 750w, https:\/\/www.scheible.de\/wp-content\/uploads\/2020\/05\/reportageftografie-kompostmaschine-haufen-1500x1000.jpg' data-src-full='https:\/\/www.scheible.de\/wp-content\/uploads\/2020\/05\/reportageftografie-kompostmaschine-haufen-300x200.jpg 320w, https:\/\/www.scheible.de\/wp-content\/uploads\/2020\/05\/reportageftografie-kompostmaschine-haufen-800x533.jpg 750w, https:\/\/www.scheible.de\/wp-content\/uploads\/2020\/05\/reportageftografie-kompostmaschine-haufen-1500x1000.jpg 1500w, https:\/\/www.scheible.de\/wp-content\/uploads\/2020\/05\/reportageftografie-kompostmaschine-haufen-3000x2000.jpg' alt='Reportagefotografie: Eine Siebmaschine f\u00fcr Kompostabf\u00e4lle spuckt gesiebte Erde auf einen Haufen. Die Kamera ist mittendrin. \u00dcberall fliegt Staub und Dreck.' width='9504' height='6336' \/><\/figure><noscript><figure style='background-color:#7C8281'><img src='https:\/\/www.scheible.de\/wp-content\/uploads\/2020\/05\/reportageftografie-kompostmaschine-haufen-800x533.jpg' srcset='https:\/\/www.scheible.de\/wp-content\/uploads\/2020\/05\/reportageftografie-kompostmaschine-haufen-300x200.jpg 320w, https:\/\/www.scheible.de\/wp-content\/uploads\/2020\/05\/reportageftografie-kompostmaschine-haufen-800x533.jpg 750w, https:\/\/www.scheible.de\/wp-content\/uploads\/2020\/05\/reportageftografie-kompostmaschine-haufen-1500x1000.jpg 1500w, https:\/\/www.scheible.de\/wp-content\/uploads\/2020\/05\/reportageftografie-kompostmaschine-haufen.jpg' alt='Reportagefotografie: Eine Siebmaschine f\u00fcr Kompostabf\u00e4lle spuckt gesiebte Erde auf einen Haufen. Die Kamera ist mittendrin. \u00dcberall fliegt Staub und Dreck.' width='9504' height='6336' \/><\/figure><\/noscript>\n<div class='full-size-caption element-invisible fs-hide'>Eine Siebmaschine f\u00fcr Kompostabf\u00e4lle spuckt gesiebte Erde auf einen Haufen. Die Kamera ist mittendrin. \u00dcberall fliegt Staub und Dreck.<\/div><p class='thumb-caption element-invisible'>Eine Siebmaschine f\u00fcr Kompostabf\u00e4lle spuckt gesiebte Erde auf einen Haufen.<\/p>\n<\/div>\n<\/div>\n<div id='thumb-1-4' class='thumb layout-item gallery-thumb' data-instance='1' data-hash='22214' data-bg='#77726B' data-brightness='bright'>\n<div class='thumb-inner'>\n<div class='thumb-bg' aria-hidden='true' style='background-color:#77726B; padding-bottom: calc(6336 \/ 9504 * 100%)'><\/div><figure><img src='data:image\/gif;base64,R0lGODlhAQABAIAAAP\/\/\/\/\/\/\/yH5BAEKAAEALAAAAAABAAEAAAICTAEAOw==' class='lazy' data-src='https:\/\/www.scheible.de\/wp-content\/uploads\/2020\/05\/unnamed-file-8-800x533.jpg' data-srcset='https:\/\/www.scheible.de\/wp-content\/uploads\/2020\/05\/unnamed-file-8-300x200.jpg 320w, https:\/\/www.scheible.de\/wp-content\/uploads\/2020\/05\/unnamed-file-8-800x533.jpg 750w, https:\/\/www.scheible.de\/wp-content\/uploads\/2020\/05\/unnamed-file-8-1500x1000.jpg' data-src-full='https:\/\/www.scheible.de\/wp-content\/uploads\/2020\/05\/unnamed-file-8-300x200.jpg 320w, https:\/\/www.scheible.de\/wp-content\/uploads\/2020\/05\/unnamed-file-8-800x533.jpg 750w, https:\/\/www.scheible.de\/wp-content\/uploads\/2020\/05\/unnamed-file-8-1500x1000.jpg 1500w, https:\/\/www.scheible.de\/wp-content\/uploads\/2020\/05\/unnamed-file-8-3000x2000.jpg' alt='' width='9504' height='6336' \/><\/figure><noscript><figure style='background-color:#77726B'><img src='https:\/\/www.scheible.de\/wp-content\/uploads\/2020\/05\/unnamed-file-8-800x533.jpg' srcset='https:\/\/www.scheible.de\/wp-content\/uploads\/2020\/05\/unnamed-file-8-300x200.jpg 320w, https:\/\/www.scheible.de\/wp-content\/uploads\/2020\/05\/unnamed-file-8-800x533.jpg 750w, https:\/\/www.scheible.de\/wp-content\/uploads\/2020\/05\/unnamed-file-8-1500x1000.jpg 1500w, https:\/\/www.scheible.de\/wp-content\/uploads\/2020\/05\/unnamed-file-8.jpg' alt='' width='9504' height='6336' \/><\/figure><\/noscript>\n<p class='thumb-caption '><\/p>\n<\/div>\n<\/div>\n<div id='thumb-1-5' class='thumb layout-item gallery-thumb' data-instance='1' data-hash='reportagefotografie-kompostmaschine-drohne-schraeg' data-bg='#7E7F76' data-brightness='bright'>\n<div class='thumb-inner'>\n<div class='thumb-bg' aria-hidden='true' style='background-color:#7E7F76; padding-bottom: calc(3480 \/ 5224 * 100%)'><\/div><figure><img src='data:image\/gif;base64,R0lGODlhAQABAIAAAP\/\/\/\/\/\/\/yH5BAEKAAEALAAAAAABAAEAAAICTAEAOw==' class='lazy' data-src='https:\/\/www.scheible.de\/wp-content\/uploads\/2020\/05\/reportagefotografie-kompostmaschine-drohne-schraeg-800x533.jpg' data-srcset='https:\/\/www.scheible.de\/wp-content\/uploads\/2020\/05\/reportagefotografie-kompostmaschine-drohne-schraeg-300x200.jpg 320w, https:\/\/www.scheible.de\/wp-content\/uploads\/2020\/05\/reportagefotografie-kompostmaschine-drohne-schraeg-800x533.jpg 750w, https:\/\/www.scheible.de\/wp-content\/uploads\/2020\/05\/reportagefotografie-kompostmaschine-drohne-schraeg-1500x999.jpg' data-src-full='https:\/\/www.scheible.de\/wp-content\/uploads\/2020\/05\/reportagefotografie-kompostmaschine-drohne-schraeg-300x200.jpg 320w, https:\/\/www.scheible.de\/wp-content\/uploads\/2020\/05\/reportagefotografie-kompostmaschine-drohne-schraeg-800x533.jpg 750w, https:\/\/www.scheible.de\/wp-content\/uploads\/2020\/05\/reportagefotografie-kompostmaschine-drohne-schraeg-1500x999.jpg 1500w, https:\/\/www.scheible.de\/wp-content\/uploads\/2020\/05\/reportagefotografie-kompostmaschine-drohne-schraeg-3000x1998.jpg' alt='Reportagefotografie: Drohnenaufnahme einer Siebmaschine f\u00fcr Kompostabf\u00e4lle, die in einem Recyclingunternehmen arbeitet.' width='5224' height='3480' \/><\/figure><noscript><figure style='background-color:#7E7F76'><img src='https:\/\/www.scheible.de\/wp-content\/uploads\/2020\/05\/reportagefotografie-kompostmaschine-drohne-schraeg-800x533.jpg' srcset='https:\/\/www.scheible.de\/wp-content\/uploads\/2020\/05\/reportagefotografie-kompostmaschine-drohne-schraeg-300x200.jpg 320w, https:\/\/www.scheible.de\/wp-content\/uploads\/2020\/05\/reportagefotografie-kompostmaschine-drohne-schraeg-800x533.jpg 750w, https:\/\/www.scheible.de\/wp-content\/uploads\/2020\/05\/reportagefotografie-kompostmaschine-drohne-schraeg-1500x999.jpg 1500w, https:\/\/www.scheible.de\/wp-content\/uploads\/2020\/05\/reportagefotografie-kompostmaschine-drohne-schraeg.jpg' alt='Reportagefotografie: Drohnenaufnahme einer Siebmaschine f\u00fcr Kompostabf\u00e4lle, die in einem Recyclingunternehmen arbeitet.' width='5224' height='3480' \/><\/figure><\/noscript>\n<div class='full-size-caption element-invisible fs-hide'>Drohnenaufnahme einer Siebmaschine f\u00fcr Kompostabf\u00e4lle, die in einem Recyclingunternehmen arbeitet.<\/div><p class='thumb-caption element-invisible'>Drohnenaufnahme einer Siebmaschine f\u00fcr Kompostabf\u00e4lle.<\/p>\n<\/div>\n<\/div>\n<div id='thumb-1-6' class='thumb layout-item gallery-thumb' data-instance='1' data-hash='reportagefotografie-kompostmaschine-senkrecht-drohne' data-bg='#7D6F62' data-brightness='bright'>\n<div class='thumb-inner'>\n<div class='thumb-bg' aria-hidden='true' style='background-color:#7D6F62; padding-bottom: calc(3640 \/ 5464 * 100%)'><\/div><figure><img src='data:image\/gif;base64,R0lGODlhAQABAIAAAP\/\/\/\/\/\/\/yH5BAEKAAEALAAAAAABAAEAAAICTAEAOw==' class='lazy' data-src='https:\/\/www.scheible.de\/wp-content\/uploads\/2020\/05\/reportagefotografie-kompostmaschine-senkrecht-drohne-800x533.jpg' data-srcset='https:\/\/www.scheible.de\/wp-content\/uploads\/2020\/05\/reportagefotografie-kompostmaschine-senkrecht-drohne-300x200.jpg 320w, https:\/\/www.scheible.de\/wp-content\/uploads\/2020\/05\/reportagefotografie-kompostmaschine-senkrecht-drohne-800x533.jpg 750w, https:\/\/www.scheible.de\/wp-content\/uploads\/2020\/05\/reportagefotografie-kompostmaschine-senkrecht-drohne-1500x999.jpg' data-src-full='https:\/\/www.scheible.de\/wp-content\/uploads\/2020\/05\/reportagefotografie-kompostmaschine-senkrecht-drohne-300x200.jpg 320w, https:\/\/www.scheible.de\/wp-content\/uploads\/2020\/05\/reportagefotografie-kompostmaschine-senkrecht-drohne-800x533.jpg 750w, https:\/\/www.scheible.de\/wp-content\/uploads\/2020\/05\/reportagefotografie-kompostmaschine-senkrecht-drohne-1500x999.jpg 1500w, https:\/\/www.scheible.de\/wp-content\/uploads\/2020\/05\/reportagefotografie-kompostmaschine-senkrecht-drohne-3000x1999.jpg' alt='Reportagefotografie: Eine Siebmaschine f\u00fcr Kompostabf\u00e4lle mit der Drohne genau senkrecht von oben fotografiert.' width='5464' height='3640' \/><\/figure><noscript><figure style='background-color:#7D6F62'><img src='https:\/\/www.scheible.de\/wp-content\/uploads\/2020\/05\/reportagefotografie-kompostmaschine-senkrecht-drohne-800x533.jpg' srcset='https:\/\/www.scheible.de\/wp-content\/uploads\/2020\/05\/reportagefotografie-kompostmaschine-senkrecht-drohne-300x200.jpg 320w, https:\/\/www.scheible.de\/wp-content\/uploads\/2020\/05\/reportagefotografie-kompostmaschine-senkrecht-drohne-800x533.jpg 750w, https:\/\/www.scheible.de\/wp-content\/uploads\/2020\/05\/reportagefotografie-kompostmaschine-senkrecht-drohne-1500x999.jpg 1500w, https:\/\/www.scheible.de\/wp-content\/uploads\/2020\/05\/reportagefotografie-kompostmaschine-senkrecht-drohne.jpg' alt='Reportagefotografie: Eine Siebmaschine f\u00fcr Kompostabf\u00e4lle mit der Drohne genau senkrecht von oben fotografiert.' width='5464' height='3640' \/><\/figure><\/noscript>\n<div class='full-size-caption element-invisible fs-hide'>Eine Siebmaschine f\u00fcr Kompostabf\u00e4lle mit der Drohne genau senkrecht von oben fotografiert.<\/div><p class='thumb-caption element-invisible'>Eine Siebmaschine f\u00fcr Kompostabf\u00e4lle mit der Drohne senkrecht von oben fotografiert.<\/p>\n<\/div>\n<\/div>\n<\/div>\n<\/section>\n","protected":false},"excerpt":{"rendered":"<p>Ein Hersteller von Maschinen zur Kompostverarbeitung bat mich, eine seiner Maschine im Einsatz in einem Recyclingunternehmen zu fotografieren. Das gr\u00fcne Monster verschlingt Unmengen unsortiertes Abfallmaterial und trennt es in kompostierbare Anteile und dem was anderweitig verwertet werden muss. Als Fotograf nimmt man dabei recht schnell selbst den Geruch der verrottenden Erde an und die Ausr\u00fcstung [&hellip;]<\/p>\n","protected":false},"author":1,"featured_media":22212,"parent":420,"menu_order":96,"comment_status":"closed","ping_status":"closed","template":"","meta":{"_acf_changed":false,"footnotes":""},"class_list":["post-20096","page","type-page","status-publish","has-post-thumbnail","hentry"],"acf":[],"_links":{"self":[{"href":"https:\/\/www.scheible.de\/de\/wp-json\/wp\/v2\/pages\/20096","targetHints":{"allow":["GET"]}}],"collection":[{"href":"https:\/\/www.scheible.de\/de\/wp-json\/wp\/v2\/pages"}],"about":[{"href":"https:\/\/www.scheible.de\/de\/wp-json\/wp\/v2\/types\/page"}],"author":[{"embeddable":true,"href":"https:\/\/www.scheible.de\/de\/wp-json\/wp\/v2\/users\/1"}],"replies":[{"embeddable":true,"href":"https:\/\/www.scheible.de\/de\/wp-json\/wp\/v2\/comments?post=20096"}],"version-history":[{"count":4,"href":"https:\/\/www.scheible.de\/de\/wp-json\/wp\/v2\/pages\/20096\/revisions"}],"predecessor-version":[{"id":20394,"href":"https:\/\/www.scheible.de\/de\/wp-json\/wp\/v2\/pages\/20096\/revisions\/20394"}],"up":[{"embeddable":true,"href":"https:\/\/www.scheible.de\/de\/wp-json\/wp\/v2\/pages\/420"}],"wp:featuredmedia":[{"embeddable":true,"href":"https:\/\/www.scheible.de\/de\/wp-json\/wp\/v2\/media\/22212"}],"wp:attachment":[{"href":"https:\/\/www.scheible.de\/de\/wp-json\/wp\/v2\/media?parent=20096"}],"curies":[{"name":"wp","href":"https:\/\/api.w.org\/{rel}","templated":true}]}}