{"id":20098,"date":"2020-05-08T17:26:57","date_gmt":"2020-05-08T15:26:57","guid":{"rendered":"https:\/\/www.scheible.de\/?page_id=20098"},"modified":"2020-05-30T16:47:18","modified_gmt":"2020-05-30T14:47:18","slug":"stoerende-muster","status":"publish","type":"page","link":"https:\/\/www.scheible.de\/de\/einblick\/stoerende-muster\/","title":{"rendered":"St\u00f6rende Muster"},"content":{"rendered":"<p>Ein Pressebild f\u00fcr und mit den Forschern am Max-Planck-Institut f\u00fcr Intelligente Systeme in T\u00fcbingen. Sie k\u00f6nnen alleine mit einem relativ kleinen hier auf ihrem T-Shirt ausgedruckten Muster autonom fahrende Fahrzeuge so verwirren, dass ihre Steuerung komplett versagt. Nat\u00fcrlich ein Ansatzpunkt f\u00fcr Hacker und damit eine gro\u00dfe Gefahr f\u00fcr diese auf k\u00fcnstlichen neuronalen Netzen basierenden Technologien.<\/p>\n\n\n\n<figure class=\"wp-block-image size-large\"><img loading=\"lazy\" decoding=\"async\" width=\"1500\" height=\"1000\" src=\"https:\/\/www.scheible.de\/wp-content\/uploads\/2020\/05\/pressefoto-farbmuster-stoert-selbstfahrendes-auto-1500x1000.jpg\" alt=\"16021P_20191021_flowattack_11.tif\" class=\"wp-image-22200\" srcset=\"https:\/\/www.scheible.de\/wp-content\/uploads\/2020\/05\/pressefoto-farbmuster-stoert-selbstfahrendes-auto-1500x1000.jpg 1500w, https:\/\/www.scheible.de\/wp-content\/uploads\/2020\/05\/pressefoto-farbmuster-stoert-selbstfahrendes-auto-800x533.jpg 800w, https:\/\/www.scheible.de\/wp-content\/uploads\/2020\/05\/pressefoto-farbmuster-stoert-selbstfahrendes-auto-300x200.jpg 300w, https:\/\/www.scheible.de\/wp-content\/uploads\/2020\/05\/pressefoto-farbmuster-stoert-selbstfahrendes-auto-768x512.jpg 768w, https:\/\/www.scheible.de\/wp-content\/uploads\/2020\/05\/pressefoto-farbmuster-stoert-selbstfahrendes-auto-1536x1024.jpg 1536w, https:\/\/www.scheible.de\/wp-content\/uploads\/2020\/05\/pressefoto-farbmuster-stoert-selbstfahrendes-auto-2048x1365.jpg 2048w, https:\/\/www.scheible.de\/wp-content\/uploads\/2020\/05\/pressefoto-farbmuster-stoert-selbstfahrendes-auto-2000x1333.jpg 2000w\" sizes=\"auto, (max-width: 1500px) 100vw, 1500px\" \/><\/figure>","protected":false},"excerpt":{"rendered":"<p>Ein Pressebild f\u00fcr und mit den Forschern am Max-Planck-Institut f\u00fcr Intelligente Systeme in T\u00fcbingen. Sie k\u00f6nnen alleine mit einem relativ kleinen hier auf ihrem T-Shirt ausgedruckten Muster autonom fahrende Fahrzeuge so verwirren, dass ihre Steuerung komplett versagt. Nat\u00fcrlich ein Ansatzpunkt f\u00fcr Hacker und damit eine gro\u00dfe Gefahr f\u00fcr diese auf k\u00fcnstlichen neuronalen Netzen basierenden Technologien.<\/p>\n","protected":false},"author":1,"featured_media":22200,"parent":420,"menu_order":94,"comment_status":"closed","ping_status":"closed","template":"","meta":{"_acf_changed":false,"footnotes":""},"class_list":["post-20098","page","type-page","status-publish","has-post-thumbnail","hentry"],"acf":[],"_links":{"self":[{"href":"https:\/\/www.scheible.de\/de\/wp-json\/wp\/v2\/pages\/20098","targetHints":{"allow":["GET"]}}],"collection":[{"href":"https:\/\/www.scheible.de\/de\/wp-json\/wp\/v2\/pages"}],"about":[{"href":"https:\/\/www.scheible.de\/de\/wp-json\/wp\/v2\/types\/page"}],"author":[{"embeddable":true,"href":"https:\/\/www.scheible.de\/de\/wp-json\/wp\/v2\/users\/1"}],"replies":[{"embeddable":true,"href":"https:\/\/www.scheible.de\/de\/wp-json\/wp\/v2\/comments?post=20098"}],"version-history":[{"count":6,"href":"https:\/\/www.scheible.de\/de\/wp-json\/wp\/v2\/pages\/20098\/revisions"}],"predecessor-version":[{"id":22207,"href":"https:\/\/www.scheible.de\/de\/wp-json\/wp\/v2\/pages\/20098\/revisions\/22207"}],"up":[{"embeddable":true,"href":"https:\/\/www.scheible.de\/de\/wp-json\/wp\/v2\/pages\/420"}],"wp:featuredmedia":[{"embeddable":true,"href":"https:\/\/www.scheible.de\/de\/wp-json\/wp\/v2\/media\/22200"}],"wp:attachment":[{"href":"https:\/\/www.scheible.de\/de\/wp-json\/wp\/v2\/media?parent=20098"}],"curies":[{"name":"wp","href":"https:\/\/api.w.org\/{rel}","templated":true}]}}