{"id":20100,"date":"2020-05-08T17:29:44","date_gmt":"2020-05-08T15:29:44","guid":{"rendered":"https:\/\/www.scheible.de\/?page_id=20100"},"modified":"2020-05-30T16:26:32","modified_gmt":"2020-05-30T14:26:32","slug":"freund-der-baeume","status":"publish","type":"page","link":"https:\/\/www.scheible.de\/de\/einblick\/freund-der-baeume\/","title":{"rendered":"Freund der B\u00e4ume"},"content":{"rendered":"<p>In einem Mitarbeitermagazin f\u00fcr die Mithilfe bei einem weltweiten Projekt zur Neupflanzung von B\u00e4umen zu werben, ist ein sehr sinnvolles Anliegen, das ich gerne mit inszenierten Portraits des naturliebenden Kollegen aus Ulm unterst\u00fctze.<\/p>\n\n\n<section class='layout-isotope orderby-menu_order ID'>\n<div class='thumb-grid layout-container has-3-columns' id='thumb-grid-1' data-instance='1' >\n<div class='grid-sizer'><\/div>\n<div id='thumb-1-1' class='thumb layout-item gallery-thumb' data-instance='1' data-hash='editorial-portrait-baumliebhaber-angelehnt' data-bg='#93918B' data-brightness='dark'>\n<div class='thumb-inner'>\n<div class='thumb-bg' aria-hidden='true' style='background-color:#93918B; padding-bottom: calc(9152 \/ 6101 * 100%)'><\/div><figure><img src='data:image\/gif;base64,R0lGODlhAQABAIAAAP\/\/\/\/\/\/\/yH5BAEKAAEALAAAAAABAAEAAAICTAEAOw==' class='lazy' data-src='https:\/\/www.scheible.de\/wp-content\/uploads\/2020\/05\/editorial-portrait-baumliebhaber-angelehnt-533x800.jpg' data-srcset='https:\/\/www.scheible.de\/wp-content\/uploads\/2020\/05\/editorial-portrait-baumliebhaber-angelehnt-200x300.jpg 320w, https:\/\/www.scheible.de\/wp-content\/uploads\/2020\/05\/editorial-portrait-baumliebhaber-angelehnt-533x800.jpg 750w, https:\/\/www.scheible.de\/wp-content\/uploads\/2020\/05\/editorial-portrait-baumliebhaber-angelehnt-1000x1500.jpg' data-src-full='https:\/\/www.scheible.de\/wp-content\/uploads\/2020\/05\/editorial-portrait-baumliebhaber-angelehnt-200x300.jpg 320w, https:\/\/www.scheible.de\/wp-content\/uploads\/2020\/05\/editorial-portrait-baumliebhaber-angelehnt-533x800.jpg 750w, https:\/\/www.scheible.de\/wp-content\/uploads\/2020\/05\/editorial-portrait-baumliebhaber-angelehnt-1000x1500.jpg 1500w, https:\/\/www.scheible.de\/wp-content\/uploads\/2020\/05\/editorial-portrait-baumliebhaber-angelehnt-2000x3000.jpg' alt='Editorial Portrait: F\u00fcr ein Mitarbeitermagazin wurde ein Mitarbeiter portraitiert, der als Baumliebhaber eine Initiative unterst\u00fctzt, die weltweit B\u00e4ume pflanzt. Hier lehnt er sich an einen alten Baum in der Stadt.' width='6101' height='9152' \/><\/figure><noscript><figure style='background-color:#93918B'><img src='https:\/\/www.scheible.de\/wp-content\/uploads\/2020\/05\/editorial-portrait-baumliebhaber-angelehnt-533x800.jpg' srcset='https:\/\/www.scheible.de\/wp-content\/uploads\/2020\/05\/editorial-portrait-baumliebhaber-angelehnt-200x300.jpg 320w, https:\/\/www.scheible.de\/wp-content\/uploads\/2020\/05\/editorial-portrait-baumliebhaber-angelehnt-533x800.jpg 750w, https:\/\/www.scheible.de\/wp-content\/uploads\/2020\/05\/editorial-portrait-baumliebhaber-angelehnt-1000x1500.jpg 1500w, https:\/\/www.scheible.de\/wp-content\/uploads\/2020\/05\/editorial-portrait-baumliebhaber-angelehnt.jpg' alt='Editorial Portrait: F\u00fcr ein Mitarbeitermagazin wurde ein Mitarbeiter portraitiert, der als Baumliebhaber eine Initiative unterst\u00fctzt, die weltweit B\u00e4ume pflanzt. Hier lehnt er sich an einen alten Baum in der Stadt.' width='6101' height='9152' \/><\/figure><\/noscript>\n<div class='full-size-caption element-invisible fs-hide'>F\u00fcr ein Mitarbeitermagazin wurde ein Mitarbeiter angelehnt an einen Baum portraitiert, der als Baumliebhaber eine Initiative unterst\u00fctzt, die weltweit B\u00e4ume pflanzt.<\/div><p class='thumb-caption element-invisible'>Baumliebhaber angelehnt an Baum.<\/p>\n<\/div>\n<\/div>\n<div id='thumb-1-2' class='thumb layout-item gallery-thumb' data-instance='1' data-hash='editorial-portrait-baumliebhaber-umfassen-baum' data-bg='#808152' data-brightness='bright'>\n<div class='thumb-inner'>\n<div class='thumb-bg' aria-hidden='true' style='background-color:#808152; padding-bottom: calc(9504 \/ 6336 * 100%)'><\/div><figure><img src='data:image\/gif;base64,R0lGODlhAQABAIAAAP\/\/\/\/\/\/\/yH5BAEKAAEALAAAAAABAAEAAAICTAEAOw==' class='lazy' data-src='https:\/\/www.scheible.de\/wp-content\/uploads\/2020\/05\/editorial-portrait-baumliebhaber-umfassen-baum-533x800.jpg' data-srcset='https:\/\/www.scheible.de\/wp-content\/uploads\/2020\/05\/editorial-portrait-baumliebhaber-umfassen-baum-200x300.jpg 320w, https:\/\/www.scheible.de\/wp-content\/uploads\/2020\/05\/editorial-portrait-baumliebhaber-umfassen-baum-533x800.jpg 750w, https:\/\/www.scheible.de\/wp-content\/uploads\/2020\/05\/editorial-portrait-baumliebhaber-umfassen-baum-1000x1500.jpg' data-src-full='https:\/\/www.scheible.de\/wp-content\/uploads\/2020\/05\/editorial-portrait-baumliebhaber-umfassen-baum-200x300.jpg 320w, https:\/\/www.scheible.de\/wp-content\/uploads\/2020\/05\/editorial-portrait-baumliebhaber-umfassen-baum-533x800.jpg 750w, https:\/\/www.scheible.de\/wp-content\/uploads\/2020\/05\/editorial-portrait-baumliebhaber-umfassen-baum-1000x1500.jpg 1500w, https:\/\/www.scheible.de\/wp-content\/uploads\/2020\/05\/editorial-portrait-baumliebhaber-umfassen-baum-2000x3000.jpg' alt='Editorial Portrait: Ein Liebhaber von B\u00e4umen umfasst einen Baum in einem Stadtpark. Das Portrait wurde zur Unterst\u00fctzung einer Baumpflanz-Initiative f\u00fcr ein Mitarbeitermagazin fotografiert.' width='6336' height='9504' \/><\/figure><noscript><figure style='background-color:#808152'><img src='https:\/\/www.scheible.de\/wp-content\/uploads\/2020\/05\/editorial-portrait-baumliebhaber-umfassen-baum-533x800.jpg' srcset='https:\/\/www.scheible.de\/wp-content\/uploads\/2020\/05\/editorial-portrait-baumliebhaber-umfassen-baum-200x300.jpg 320w, https:\/\/www.scheible.de\/wp-content\/uploads\/2020\/05\/editorial-portrait-baumliebhaber-umfassen-baum-533x800.jpg 750w, https:\/\/www.scheible.de\/wp-content\/uploads\/2020\/05\/editorial-portrait-baumliebhaber-umfassen-baum-1000x1500.jpg 1500w, https:\/\/www.scheible.de\/wp-content\/uploads\/2020\/05\/editorial-portrait-baumliebhaber-umfassen-baum.jpg' alt='Editorial Portrait: Ein Liebhaber von B\u00e4umen umfasst einen Baum in einem Stadtpark. Das Portrait wurde zur Unterst\u00fctzung einer Baumpflanz-Initiative f\u00fcr ein Mitarbeitermagazin fotografiert.' width='6336' height='9504' \/><\/figure><\/noscript>\n<div class='full-size-caption element-invisible fs-hide'>Ein Liebhaber von B\u00e4umen umfasst einen Baum in einem Stadtpark. Das Portrait wurde zur Unterst\u00fctzung einer Baumpflanz-Initiative f\u00fcr ein Mitarbeitermagazin fotografiert.<\/div><p class='thumb-caption element-invisible'>Ein Liebhaber von B\u00e4umen umfasst einen Baum in einem Stadtpark.<\/p>\n<\/div>\n<\/div>\n<div id='thumb-1-3' class='thumb layout-item gallery-thumb' data-instance='1' data-hash='editorial-portrait-baumliebhaber-verwelkt' data-bg='#898A5A' data-brightness='bright'>\n<div class='thumb-inner'>\n<div class='thumb-bg' aria-hidden='true' style='background-color:#898A5A; padding-bottom: calc(9504 \/ 6336 * 100%)'><\/div><figure><img src='data:image\/gif;base64,R0lGODlhAQABAIAAAP\/\/\/\/\/\/\/yH5BAEKAAEALAAAAAABAAEAAAICTAEAOw==' class='lazy' data-src='https:\/\/www.scheible.de\/wp-content\/uploads\/2020\/05\/editorial-portrait-baumliebhaber-verwelkt-533x800.jpg' data-srcset='https:\/\/www.scheible.de\/wp-content\/uploads\/2020\/05\/editorial-portrait-baumliebhaber-verwelkt-200x300.jpg 320w, https:\/\/www.scheible.de\/wp-content\/uploads\/2020\/05\/editorial-portrait-baumliebhaber-verwelkt-533x800.jpg 750w, https:\/\/www.scheible.de\/wp-content\/uploads\/2020\/05\/editorial-portrait-baumliebhaber-verwelkt-1000x1500.jpg' data-src-full='https:\/\/www.scheible.de\/wp-content\/uploads\/2020\/05\/editorial-portrait-baumliebhaber-verwelkt-200x300.jpg 320w, https:\/\/www.scheible.de\/wp-content\/uploads\/2020\/05\/editorial-portrait-baumliebhaber-verwelkt-533x800.jpg 750w, https:\/\/www.scheible.de\/wp-content\/uploads\/2020\/05\/editorial-portrait-baumliebhaber-verwelkt-1000x1500.jpg 1500w, https:\/\/www.scheible.de\/wp-content\/uploads\/2020\/05\/editorial-portrait-baumliebhaber-verwelkt-2000x3000.jpg' alt='Editorial Portrait: Ein Freund von B\u00e4umen steht neben dem Stamm eines Parkbaumes. Verwelkte Bl\u00e4tter umgeben ihn. Am Stamm des Baumes rankt Efeu empor.' width='6336' height='9504' \/><\/figure><noscript><figure style='background-color:#898A5A'><img src='https:\/\/www.scheible.de\/wp-content\/uploads\/2020\/05\/editorial-portrait-baumliebhaber-verwelkt-533x800.jpg' srcset='https:\/\/www.scheible.de\/wp-content\/uploads\/2020\/05\/editorial-portrait-baumliebhaber-verwelkt-200x300.jpg 320w, https:\/\/www.scheible.de\/wp-content\/uploads\/2020\/05\/editorial-portrait-baumliebhaber-verwelkt-533x800.jpg 750w, https:\/\/www.scheible.de\/wp-content\/uploads\/2020\/05\/editorial-portrait-baumliebhaber-verwelkt-1000x1500.jpg 1500w, https:\/\/www.scheible.de\/wp-content\/uploads\/2020\/05\/editorial-portrait-baumliebhaber-verwelkt.jpg' alt='Editorial Portrait: Ein Freund von B\u00e4umen steht neben dem Stamm eines Parkbaumes. Verwelkte Bl\u00e4tter umgeben ihn. Am Stamm des Baumes rankt Efeu empor.' width='6336' height='9504' \/><\/figure><\/noscript>\n<div class='full-size-caption element-invisible fs-hide'>Ein Freund von B\u00e4umen steht neben dem Stamm eines Parkbaumes. Verwelkte Bl\u00e4tter umgeben ihn. Am Stamm des Baumes rankt Efeu empor.<\/div><p class='thumb-caption element-invisible'>Ein Freund von B\u00e4umen steht in verwelkten Bl\u00e4ttern neben dem Stamm eines Parkbaumes.<\/p>\n<\/div>\n<\/div>\n<div id='thumb-1-4' class='thumb layout-item gallery-thumb' data-instance='1' data-hash='editorial-portrait-baumliebhaber-sonne' data-bg='#8D8D90' data-brightness='dark'>\n<div class='thumb-inner'>\n<div class='thumb-bg' aria-hidden='true' style='background-color:#8D8D90; padding-bottom: calc(9504 \/ 6336 * 100%)'><\/div><figure><img src='data:image\/gif;base64,R0lGODlhAQABAIAAAP\/\/\/\/\/\/\/yH5BAEKAAEALAAAAAABAAEAAAICTAEAOw==' class='lazy' data-src='https:\/\/www.scheible.de\/wp-content\/uploads\/2020\/05\/editorial-portrait-baumliebhaber-sonne-533x800.jpg' data-srcset='https:\/\/www.scheible.de\/wp-content\/uploads\/2020\/05\/editorial-portrait-baumliebhaber-sonne-200x300.jpg 320w, https:\/\/www.scheible.de\/wp-content\/uploads\/2020\/05\/editorial-portrait-baumliebhaber-sonne-533x800.jpg 750w, https:\/\/www.scheible.de\/wp-content\/uploads\/2020\/05\/editorial-portrait-baumliebhaber-sonne-1000x1500.jpg' data-src-full='https:\/\/www.scheible.de\/wp-content\/uploads\/2020\/05\/editorial-portrait-baumliebhaber-sonne-200x300.jpg 320w, https:\/\/www.scheible.de\/wp-content\/uploads\/2020\/05\/editorial-portrait-baumliebhaber-sonne-533x800.jpg 750w, https:\/\/www.scheible.de\/wp-content\/uploads\/2020\/05\/editorial-portrait-baumliebhaber-sonne-1000x1500.jpg 1500w, https:\/\/www.scheible.de\/wp-content\/uploads\/2020\/05\/editorial-portrait-baumliebhaber-sonne-2000x3000.jpg' alt='Editorial Portrait: Ein Baumfreund lehnt an einem alten Baum und schaut in die Sonne. Dahinter die T\u00fcrme einer gro\u00dfen Kirche.' width='6336' height='9504' \/><\/figure><noscript><figure style='background-color:#8D8D90'><img src='https:\/\/www.scheible.de\/wp-content\/uploads\/2020\/05\/editorial-portrait-baumliebhaber-sonne-533x800.jpg' srcset='https:\/\/www.scheible.de\/wp-content\/uploads\/2020\/05\/editorial-portrait-baumliebhaber-sonne-200x300.jpg 320w, https:\/\/www.scheible.de\/wp-content\/uploads\/2020\/05\/editorial-portrait-baumliebhaber-sonne-533x800.jpg 750w, https:\/\/www.scheible.de\/wp-content\/uploads\/2020\/05\/editorial-portrait-baumliebhaber-sonne-1000x1500.jpg 1500w, https:\/\/www.scheible.de\/wp-content\/uploads\/2020\/05\/editorial-portrait-baumliebhaber-sonne.jpg' alt='Editorial Portrait: Ein Baumfreund lehnt an einem alten Baum und schaut in die Sonne. Dahinter die T\u00fcrme einer gro\u00dfen Kirche.' width='6336' height='9504' \/><\/figure><\/noscript>\n<div class='full-size-caption element-invisible fs-hide'>Ein Baumfreund lehnt an einem alten Baum und schaut in die Sonne. Dahinter die T\u00fcrme einer gro\u00dfen Kirche.<\/div><p class='thumb-caption element-invisible'>Ein Baumfreund lehnt an einem alten Baum und schaut in die Sonne.<\/p>\n<\/div>\n<\/div>\n<div id='thumb-1-5' class='thumb layout-item gallery-thumb' data-instance='1' data-hash='editorial-portrait-baumliebhaber-setzling' data-bg='#BDBCB3' data-brightness='dark'>\n<div class='thumb-inner'>\n<div class='thumb-bg' aria-hidden='true' style='background-color:#BDBCB3; padding-bottom: calc(9504 \/ 6336 * 100%)'><\/div><figure><img src='data:image\/gif;base64,R0lGODlhAQABAIAAAP\/\/\/\/\/\/\/yH5BAEKAAEALAAAAAABAAEAAAICTAEAOw==' class='lazy' data-src='https:\/\/www.scheible.de\/wp-content\/uploads\/2020\/05\/editorial-portrait-baumliebhaber-setzling-533x800.jpg' data-srcset='https:\/\/www.scheible.de\/wp-content\/uploads\/2020\/05\/editorial-portrait-baumliebhaber-setzling-200x300.jpg 320w, https:\/\/www.scheible.de\/wp-content\/uploads\/2020\/05\/editorial-portrait-baumliebhaber-setzling-533x800.jpg 750w, https:\/\/www.scheible.de\/wp-content\/uploads\/2020\/05\/editorial-portrait-baumliebhaber-setzling-1000x1500.jpg' data-src-full='https:\/\/www.scheible.de\/wp-content\/uploads\/2020\/05\/editorial-portrait-baumliebhaber-setzling-200x300.jpg 320w, https:\/\/www.scheible.de\/wp-content\/uploads\/2020\/05\/editorial-portrait-baumliebhaber-setzling-533x800.jpg 750w, https:\/\/www.scheible.de\/wp-content\/uploads\/2020\/05\/editorial-portrait-baumliebhaber-setzling-1000x1500.jpg 1500w, https:\/\/www.scheible.de\/wp-content\/uploads\/2020\/05\/editorial-portrait-baumliebhaber-setzling-2000x3000.jpg' alt='Editorial Portrait: Ein Mitarbeiter der sich f\u00fcr das Pflanzen von B\u00e4umen einsetzt. Er steht im Gegenlicht auf einem belebten Platz unter einem Baum und hat einen Setzling in der Hand.' width='6336' height='9504' \/><\/figure><noscript><figure style='background-color:#BDBCB3'><img src='https:\/\/www.scheible.de\/wp-content\/uploads\/2020\/05\/editorial-portrait-baumliebhaber-setzling-533x800.jpg' srcset='https:\/\/www.scheible.de\/wp-content\/uploads\/2020\/05\/editorial-portrait-baumliebhaber-setzling-200x300.jpg 320w, https:\/\/www.scheible.de\/wp-content\/uploads\/2020\/05\/editorial-portrait-baumliebhaber-setzling-533x800.jpg 750w, https:\/\/www.scheible.de\/wp-content\/uploads\/2020\/05\/editorial-portrait-baumliebhaber-setzling-1000x1500.jpg 1500w, https:\/\/www.scheible.de\/wp-content\/uploads\/2020\/05\/editorial-portrait-baumliebhaber-setzling.jpg' alt='Editorial Portrait: Ein Mitarbeiter der sich f\u00fcr das Pflanzen von B\u00e4umen einsetzt. Er steht im Gegenlicht auf einem belebten Platz unter einem Baum und hat einen Setzling in der Hand.' width='6336' height='9504' \/><\/figure><\/noscript>\n<div class='full-size-caption element-invisible fs-hide'>Ein Mitarbeiter der sich f\u00fcr das Pflanzen von B\u00e4umen einsetzt. Er steht auf einem belebten Platz unter einem Baum und hat einen Setzling in der Hand.<\/div><p class='thumb-caption element-invisible'>Ein Mitarbeiter der sich f\u00fcr das Pflanzen von B\u00e4umen einsetzt.<\/p>\n<\/div>\n<\/div>\n<div id='thumb-1-6' class='thumb layout-item gallery-thumb' data-instance='1' data-hash='editorial-portrait-baumliebhaber-strassenbaum' data-bg='#ACA985' data-brightness='dark'>\n<div class='thumb-inner'>\n<div class='thumb-bg' aria-hidden='true' style='background-color:#ACA985; padding-bottom: calc(9504 \/ 6336 * 100%)'><\/div><figure><img src='data:image\/gif;base64,R0lGODlhAQABAIAAAP\/\/\/\/\/\/\/yH5BAEKAAEALAAAAAABAAEAAAICTAEAOw==' class='lazy' data-src='https:\/\/www.scheible.de\/wp-content\/uploads\/2020\/05\/editorial-portrait-baumliebhaber-strassenbaum-533x800.jpg' data-srcset='https:\/\/www.scheible.de\/wp-content\/uploads\/2020\/05\/editorial-portrait-baumliebhaber-strassenbaum-200x300.jpg 320w, https:\/\/www.scheible.de\/wp-content\/uploads\/2020\/05\/editorial-portrait-baumliebhaber-strassenbaum-533x800.jpg 750w, https:\/\/www.scheible.de\/wp-content\/uploads\/2020\/05\/editorial-portrait-baumliebhaber-strassenbaum-1000x1500.jpg' data-src-full='https:\/\/www.scheible.de\/wp-content\/uploads\/2020\/05\/editorial-portrait-baumliebhaber-strassenbaum-200x300.jpg 320w, https:\/\/www.scheible.de\/wp-content\/uploads\/2020\/05\/editorial-portrait-baumliebhaber-strassenbaum-533x800.jpg 750w, https:\/\/www.scheible.de\/wp-content\/uploads\/2020\/05\/editorial-portrait-baumliebhaber-strassenbaum-1000x1500.jpg 1500w, https:\/\/www.scheible.de\/wp-content\/uploads\/2020\/05\/editorial-portrait-baumliebhaber-strassenbaum-2000x3000.jpg' alt='Editorial Portrait: Ein Freund von B\u00e4umen umarmt einen Baum am Rand einer vielbefahrenen Stra\u00dfe. Der Stamm des Baumes ist durch Holzbretter gegen Sch\u00e4den durch Autos gesch\u00e4tzt.' width='6336' height='9504' \/><\/figure><noscript><figure style='background-color:#ACA985'><img src='https:\/\/www.scheible.de\/wp-content\/uploads\/2020\/05\/editorial-portrait-baumliebhaber-strassenbaum-533x800.jpg' srcset='https:\/\/www.scheible.de\/wp-content\/uploads\/2020\/05\/editorial-portrait-baumliebhaber-strassenbaum-200x300.jpg 320w, https:\/\/www.scheible.de\/wp-content\/uploads\/2020\/05\/editorial-portrait-baumliebhaber-strassenbaum-533x800.jpg 750w, https:\/\/www.scheible.de\/wp-content\/uploads\/2020\/05\/editorial-portrait-baumliebhaber-strassenbaum-1000x1500.jpg 1500w, https:\/\/www.scheible.de\/wp-content\/uploads\/2020\/05\/editorial-portrait-baumliebhaber-strassenbaum.jpg' alt='Editorial Portrait: Ein Freund von B\u00e4umen umarmt einen Baum am Rand einer vielbefahrenen Stra\u00dfe. Der Stamm des Baumes ist durch Holzbretter gegen Sch\u00e4den durch Autos gesch\u00e4tzt.' width='6336' height='9504' \/><\/figure><\/noscript>\n<div class='full-size-caption element-invisible fs-hide'>Ein Freund von B\u00e4umen umarmt einen Baum am Rand einer vielbefahrenen Stra\u00dfe. Der Stamm des Baumes ist durch Holzbretter gegen Sch\u00e4den durch Autos gesch\u00e4tzt.<\/div><p class='thumb-caption element-invisible'>Ein Freund von B\u00e4umen umarmt einen Baum am Rand einer vielbefahrenen Stra\u00dfe.<\/p>\n<\/div>\n<\/div>\n<\/div>\n<\/section>\n","protected":false},"excerpt":{"rendered":"<p>In einem Mitarbeitermagazin f\u00fcr die Mithilfe bei einem weltweiten Projekt zur Neupflanzung von B\u00e4umen zu werben, ist ein sehr sinnvolles Anliegen, das ich gerne mit inszenierten Portraits des naturliebenden Kollegen aus Ulm unterst\u00fctze.<\/p>\n","protected":false},"author":1,"featured_media":22196,"parent":420,"menu_order":92,"comment_status":"closed","ping_status":"closed","template":"","meta":{"_acf_changed":false,"footnotes":""},"class_list":["post-20100","page","type-page","status-publish","has-post-thumbnail","hentry"],"acf":[],"_links":{"self":[{"href":"https:\/\/www.scheible.de\/de\/wp-json\/wp\/v2\/pages\/20100","targetHints":{"allow":["GET"]}}],"collection":[{"href":"https:\/\/www.scheible.de\/de\/wp-json\/wp\/v2\/pages"}],"about":[{"href":"https:\/\/www.scheible.de\/de\/wp-json\/wp\/v2\/types\/page"}],"author":[{"embeddable":true,"href":"https:\/\/www.scheible.de\/de\/wp-json\/wp\/v2\/users\/1"}],"replies":[{"embeddable":true,"href":"https:\/\/www.scheible.de\/de\/wp-json\/wp\/v2\/comments?post=20100"}],"version-history":[{"count":10,"href":"https:\/\/www.scheible.de\/de\/wp-json\/wp\/v2\/pages\/20100\/revisions"}],"predecessor-version":[{"id":20410,"href":"https:\/\/www.scheible.de\/de\/wp-json\/wp\/v2\/pages\/20100\/revisions\/20410"}],"up":[{"embeddable":true,"href":"https:\/\/www.scheible.de\/de\/wp-json\/wp\/v2\/pages\/420"}],"wp:featuredmedia":[{"embeddable":true,"href":"https:\/\/www.scheible.de\/de\/wp-json\/wp\/v2\/media\/22196"}],"wp:attachment":[{"href":"https:\/\/www.scheible.de\/de\/wp-json\/wp\/v2\/media?parent=20100"}],"curies":[{"name":"wp","href":"https:\/\/api.w.org\/{rel}","templated":true}]}}