{"id":20334,"date":"2020-05-12T12:50:52","date_gmt":"2020-05-12T10:50:52","guid":{"rendered":"https:\/\/www.scheible.de\/?page_id=20334"},"modified":"2020-05-22T14:54:54","modified_gmt":"2020-05-22T12:54:54","slug":"portraits-in-der-forschung","status":"publish","type":"page","link":"https:\/\/www.scheible.de\/de\/einblick\/portraits-in-der-forschung\/","title":{"rendered":"Portraits in der Forschung"},"content":{"rendered":"<p>Die meisten Wissenschaftler sind eher vorsichtig, wenn sie einer Kamera gegen\u00fcber stehen. F\u00fcr ein gelungenes Portrait bleibt dem Fotograf aber unverstellt und neugierig zu sein und so aus dem Gegen\u00fcber ein Miteinander zu machen.<\/p>\n\n\n\n<section class='layout-isotope orderby-menu_order ID'>\n<div class='thumb-grid layout-container has-3-columns' id='thumb-grid-1' data-instance='1' >\n<div class='grid-sizer'><\/div>\n<div id='thumb-1-1' class='thumb layout-item gallery-thumb' data-instance='1' data-hash='portrait-wissenschaftler-neutralweiss' data-bg='#CDD2DD' data-brightness='dark'>\n<div class='thumb-inner'>\n<div class='thumb-bg' aria-hidden='true' style='background-color:#CDD2DD; padding-bottom: calc(6336 \/ 9504 * 100%)'><\/div><figure><img src='data:image\/gif;base64,R0lGODlhAQABAIAAAP\/\/\/\/\/\/\/yH5BAEKAAEALAAAAAABAAEAAAICTAEAOw==' class='lazy' data-src='https:\/\/www.scheible.de\/wp-content\/uploads\/2020\/05\/portrait-wissenschaftler-neutralweiss-800x533.jpg' data-srcset='https:\/\/www.scheible.de\/wp-content\/uploads\/2020\/05\/portrait-wissenschaftler-neutralweiss-300x200.jpg 320w, https:\/\/www.scheible.de\/wp-content\/uploads\/2020\/05\/portrait-wissenschaftler-neutralweiss-800x533.jpg 750w, https:\/\/www.scheible.de\/wp-content\/uploads\/2020\/05\/portrait-wissenschaftler-neutralweiss-1500x1000.jpg' data-src-full='https:\/\/www.scheible.de\/wp-content\/uploads\/2020\/05\/portrait-wissenschaftler-neutralweiss-300x200.jpg 320w, https:\/\/www.scheible.de\/wp-content\/uploads\/2020\/05\/portrait-wissenschaftler-neutralweiss-800x533.jpg 750w, https:\/\/www.scheible.de\/wp-content\/uploads\/2020\/05\/portrait-wissenschaftler-neutralweiss-1500x1000.jpg 1500w, https:\/\/www.scheible.de\/wp-content\/uploads\/2020\/05\/portrait-wissenschaftler-neutralweiss-3000x2000.jpg' alt='Portraitfotografie: Wissenschaftler in ihrem Institutsgeb\u00e4ude. Oft ist es besser das Umfeld um ein lebendiges Portrait zu reduzieren. Hier ist der Hintergrund einfach neutralwei\u00df.' width='9504' height='6336' \/><\/figure><noscript><figure style='background-color:#CDD2DD'><img src='https:\/\/www.scheible.de\/wp-content\/uploads\/2020\/05\/portrait-wissenschaftler-neutralweiss-800x533.jpg' srcset='https:\/\/www.scheible.de\/wp-content\/uploads\/2020\/05\/portrait-wissenschaftler-neutralweiss-300x200.jpg 320w, https:\/\/www.scheible.de\/wp-content\/uploads\/2020\/05\/portrait-wissenschaftler-neutralweiss-800x533.jpg 750w, https:\/\/www.scheible.de\/wp-content\/uploads\/2020\/05\/portrait-wissenschaftler-neutralweiss-1500x1000.jpg 1500w, https:\/\/www.scheible.de\/wp-content\/uploads\/2020\/05\/portrait-wissenschaftler-neutralweiss.jpg' alt='Portraitfotografie: Wissenschaftler in ihrem Institutsgeb\u00e4ude. Oft ist es besser das Umfeld um ein lebendiges Portrait zu reduzieren. Hier ist der Hintergrund einfach neutralwei\u00df.' width='9504' height='6336' \/><\/figure><\/noscript>\n<div class='full-size-caption element-invisible fs-hide'>Wissenschaftler in ihrem Institutsgeb\u00e4ude. Oft ist es besser das Umfeld um ein lebendiges Portrait zu reduzieren.<\/div><p class='thumb-caption element-invisible'>Wissenschaftler in ihrem Institutsgeb\u00e4ude.<\/p>\n<\/div>\n<\/div>\n<div id='thumb-1-2' class='thumb layout-item gallery-thumb' data-instance='1' data-hash='portrait-wissenschaftlerin-lacht' data-bg='#999FAC' data-brightness='dark'>\n<div class='thumb-inner'>\n<div class='thumb-bg' aria-hidden='true' style='background-color:#999FAC; padding-bottom: calc(9504 \/ 6336 * 100%)'><\/div><figure><img src='data:image\/gif;base64,R0lGODlhAQABAIAAAP\/\/\/\/\/\/\/yH5BAEKAAEALAAAAAABAAEAAAICTAEAOw==' class='lazy' data-src='https:\/\/www.scheible.de\/wp-content\/uploads\/2020\/05\/portrait-wissenschaftlerin-lacht-533x800.jpg' data-srcset='https:\/\/www.scheible.de\/wp-content\/uploads\/2020\/05\/portrait-wissenschaftlerin-lacht-200x300.jpg 320w, https:\/\/www.scheible.de\/wp-content\/uploads\/2020\/05\/portrait-wissenschaftlerin-lacht-533x800.jpg 750w, https:\/\/www.scheible.de\/wp-content\/uploads\/2020\/05\/portrait-wissenschaftlerin-lacht-1000x1500.jpg' data-src-full='https:\/\/www.scheible.de\/wp-content\/uploads\/2020\/05\/portrait-wissenschaftlerin-lacht-200x300.jpg 320w, https:\/\/www.scheible.de\/wp-content\/uploads\/2020\/05\/portrait-wissenschaftlerin-lacht-533x800.jpg 750w, https:\/\/www.scheible.de\/wp-content\/uploads\/2020\/05\/portrait-wissenschaftlerin-lacht-1000x1500.jpg 1500w, https:\/\/www.scheible.de\/wp-content\/uploads\/2020\/05\/portrait-wissenschaftlerin-lacht-2000x3000.jpg' alt='Portraitfotografie: Wissenschaftler in ihrem Institutsgeb\u00e4ude. Manchmal sind die spontanen Gesten die sch\u00f6nsten. Hier lacht die Portraitierte und h\u00e4lt die H\u00e4nde wie die Bundeskanzlerin.' width='6336' height='9504' \/><\/figure><noscript><figure style='background-color:#999FAC'><img src='https:\/\/www.scheible.de\/wp-content\/uploads\/2020\/05\/portrait-wissenschaftlerin-lacht-533x800.jpg' srcset='https:\/\/www.scheible.de\/wp-content\/uploads\/2020\/05\/portrait-wissenschaftlerin-lacht-200x300.jpg 320w, https:\/\/www.scheible.de\/wp-content\/uploads\/2020\/05\/portrait-wissenschaftlerin-lacht-533x800.jpg 750w, https:\/\/www.scheible.de\/wp-content\/uploads\/2020\/05\/portrait-wissenschaftlerin-lacht-1000x1500.jpg 1500w, https:\/\/www.scheible.de\/wp-content\/uploads\/2020\/05\/portrait-wissenschaftlerin-lacht.jpg' alt='Portraitfotografie: Wissenschaftler in ihrem Institutsgeb\u00e4ude. Manchmal sind die spontanen Gesten die sch\u00f6nsten. Hier lacht die Portraitierte und h\u00e4lt die H\u00e4nde wie die Bundeskanzlerin.' width='6336' height='9504' \/><\/figure><\/noscript>\n<div class='full-size-caption element-invisible fs-hide'>Wissenschaftler in ihrem Institutsgeb\u00e4ude. Manchmal sind die spontanen Gesten die sch\u00f6nsten. Hier lacht die Portraitierte und h\u00e4lt die H\u00e4nde wie die Bundeskanzlerin.<\/div><p class='thumb-caption element-invisible'>Wissenschaftlerin in ihrem Institutsgeb\u00e4ude lacht.<\/p>\n<\/div>\n<\/div>\n<div id='thumb-1-3' class='thumb layout-item gallery-thumb' data-instance='1' data-hash='portrait-wissenschaftlerin-bewegung' data-bg='#BBA4A0' data-brightness='dark'>\n<div class='thumb-inner'>\n<div class='thumb-bg' aria-hidden='true' style='background-color:#BBA4A0; padding-bottom: calc(8507 \/ 5671 * 100%)'><\/div><figure><img src='data:image\/gif;base64,R0lGODlhAQABAIAAAP\/\/\/\/\/\/\/yH5BAEKAAEALAAAAAABAAEAAAICTAEAOw==' class='lazy' data-src='https:\/\/www.scheible.de\/wp-content\/uploads\/2020\/05\/portrait-wissenschaftlerin-bewegung-533x800.jpg' data-srcset='https:\/\/www.scheible.de\/wp-content\/uploads\/2020\/05\/portrait-wissenschaftlerin-bewegung-200x300.jpg 320w, https:\/\/www.scheible.de\/wp-content\/uploads\/2020\/05\/portrait-wissenschaftlerin-bewegung-533x800.jpg 750w, https:\/\/www.scheible.de\/wp-content\/uploads\/2020\/05\/portrait-wissenschaftlerin-bewegung-1000x1500.jpg' data-src-full='https:\/\/www.scheible.de\/wp-content\/uploads\/2020\/05\/portrait-wissenschaftlerin-bewegung-200x300.jpg 320w, https:\/\/www.scheible.de\/wp-content\/uploads\/2020\/05\/portrait-wissenschaftlerin-bewegung-533x800.jpg 750w, https:\/\/www.scheible.de\/wp-content\/uploads\/2020\/05\/portrait-wissenschaftlerin-bewegung-1000x1500.jpg 1500w, https:\/\/www.scheible.de\/wp-content\/uploads\/2020\/05\/portrait-wissenschaftlerin-bewegung-2000x3000.jpg' alt='Portraitfotografie: Wissenschaftlerin in ihrem Institutsgeb\u00e4ude. Oft ist es gut, wenn man die Portraitierten in Bewegung fotografiert.' width='5671' height='8507' \/><\/figure><noscript><figure style='background-color:#BBA4A0'><img src='https:\/\/www.scheible.de\/wp-content\/uploads\/2020\/05\/portrait-wissenschaftlerin-bewegung-533x800.jpg' srcset='https:\/\/www.scheible.de\/wp-content\/uploads\/2020\/05\/portrait-wissenschaftlerin-bewegung-200x300.jpg 320w, https:\/\/www.scheible.de\/wp-content\/uploads\/2020\/05\/portrait-wissenschaftlerin-bewegung-533x800.jpg 750w, https:\/\/www.scheible.de\/wp-content\/uploads\/2020\/05\/portrait-wissenschaftlerin-bewegung-1000x1500.jpg 1500w, https:\/\/www.scheible.de\/wp-content\/uploads\/2020\/05\/portrait-wissenschaftlerin-bewegung.jpg' alt='Portraitfotografie: Wissenschaftlerin in ihrem Institutsgeb\u00e4ude. Oft ist es gut, wenn man die Portraitierten in Bewegung fotografiert.' width='5671' height='8507' \/><\/figure><\/noscript>\n<div class='full-size-caption element-invisible fs-hide'>Wissenschaftlerin in ihrem Institutsgeb\u00e4ude. Oft ist es gut, wenn man die Portraitierten in Bewegung fotografiert.<\/div><p class='thumb-caption element-invisible'>Wissenschaftlerin in ihrem Institutsgeb\u00e4ude, fotografiert in Bewegung.<\/p>\n<\/div>\n<\/div>\n<div id='thumb-1-4' class='thumb layout-item gallery-thumb' data-instance='1' data-hash='portrait-wissenschaftler-freut-sich' data-bg='#A39090' data-brightness='dark'>\n<div class='thumb-inner'>\n<div class='thumb-bg' aria-hidden='true' style='background-color:#A39090; padding-bottom: calc(6336 \/ 9504 * 100%)'><\/div><figure><img src='data:image\/gif;base64,R0lGODlhAQABAIAAAP\/\/\/\/\/\/\/yH5BAEKAAEALAAAAAABAAEAAAICTAEAOw==' class='lazy' data-src='https:\/\/www.scheible.de\/wp-content\/uploads\/2020\/05\/portrait-wissenschaftler-freut-sich-800x533.jpg' data-srcset='https:\/\/www.scheible.de\/wp-content\/uploads\/2020\/05\/portrait-wissenschaftler-freut-sich-300x200.jpg 320w, https:\/\/www.scheible.de\/wp-content\/uploads\/2020\/05\/portrait-wissenschaftler-freut-sich-800x533.jpg 750w, https:\/\/www.scheible.de\/wp-content\/uploads\/2020\/05\/portrait-wissenschaftler-freut-sich-1500x1000.jpg' data-src-full='https:\/\/www.scheible.de\/wp-content\/uploads\/2020\/05\/portrait-wissenschaftler-freut-sich-300x200.jpg 320w, https:\/\/www.scheible.de\/wp-content\/uploads\/2020\/05\/portrait-wissenschaftler-freut-sich-800x533.jpg 750w, https:\/\/www.scheible.de\/wp-content\/uploads\/2020\/05\/portrait-wissenschaftler-freut-sich-1500x1000.jpg 1500w, https:\/\/www.scheible.de\/wp-content\/uploads\/2020\/05\/portrait-wissenschaftler-freut-sich-3000x2000.jpg' alt='Portraitfotografie: Wissenschaftler in ihrem Institutsgeb\u00e4ude. Neben dem Lachen des Abgebildeten sorgt bei diesem Portrait farbiger unscharfer Hintergrund f\u00fcr positive Stimmung. ' width='9504' height='6336' \/><\/figure><noscript><figure style='background-color:#A39090'><img src='https:\/\/www.scheible.de\/wp-content\/uploads\/2020\/05\/portrait-wissenschaftler-freut-sich-800x533.jpg' srcset='https:\/\/www.scheible.de\/wp-content\/uploads\/2020\/05\/portrait-wissenschaftler-freut-sich-300x200.jpg 320w, https:\/\/www.scheible.de\/wp-content\/uploads\/2020\/05\/portrait-wissenschaftler-freut-sich-800x533.jpg 750w, https:\/\/www.scheible.de\/wp-content\/uploads\/2020\/05\/portrait-wissenschaftler-freut-sich-1500x1000.jpg 1500w, https:\/\/www.scheible.de\/wp-content\/uploads\/2020\/05\/portrait-wissenschaftler-freut-sich.jpg' alt='Portraitfotografie: Wissenschaftler in ihrem Institutsgeb\u00e4ude. Neben dem Lachen des Abgebildeten sorgt bei diesem Portrait farbiger unscharfer Hintergrund f\u00fcr positive Stimmung. ' width='9504' height='6336' \/><\/figure><\/noscript>\n<div class='full-size-caption element-invisible fs-hide'>Wissenschaftler in ihrem Institutsgeb\u00e4ude. Neben dem Lachen des Abgebildeten sorgt bei diesem Portrait farbiger unscharfer Hintergrund f\u00fcr positive Stimmung.<\/div><p class='thumb-caption element-invisible'>Wissenschaftler in ihrem Institutsgeb\u00e4ude.<\/p>\n<\/div>\n<\/div>\n<div id='thumb-1-5' class='thumb layout-item gallery-thumb' data-instance='1' data-hash='portrait-wissenschaftler-hochformat' data-bg='#A78579' data-brightness='dark'>\n<div class='thumb-inner'>\n<div class='thumb-bg' aria-hidden='true' style='background-color:#A78579; padding-bottom: calc(9504 \/ 6336 * 100%)'><\/div><figure><img src='data:image\/gif;base64,R0lGODlhAQABAIAAAP\/\/\/\/\/\/\/yH5BAEKAAEALAAAAAABAAEAAAICTAEAOw==' class='lazy' data-src='https:\/\/www.scheible.de\/wp-content\/uploads\/2020\/05\/portrait-wissenschaftler-hochformat-533x800.jpg' data-srcset='https:\/\/www.scheible.de\/wp-content\/uploads\/2020\/05\/portrait-wissenschaftler-hochformat-200x300.jpg 320w, https:\/\/www.scheible.de\/wp-content\/uploads\/2020\/05\/portrait-wissenschaftler-hochformat-533x800.jpg 750w, https:\/\/www.scheible.de\/wp-content\/uploads\/2020\/05\/portrait-wissenschaftler-hochformat-1000x1500.jpg' data-src-full='https:\/\/www.scheible.de\/wp-content\/uploads\/2020\/05\/portrait-wissenschaftler-hochformat-200x300.jpg 320w, https:\/\/www.scheible.de\/wp-content\/uploads\/2020\/05\/portrait-wissenschaftler-hochformat-533x800.jpg 750w, https:\/\/www.scheible.de\/wp-content\/uploads\/2020\/05\/portrait-wissenschaftler-hochformat-1000x1500.jpg 1500w, https:\/\/www.scheible.de\/wp-content\/uploads\/2020\/05\/portrait-wissenschaftler-hochformat-2000x3000.jpg' alt='Portraitfotografie: Wissenschaftler in ihrem Institutsgeb\u00e4ude. Beim Fotografieren sollte man idealerweise auf einen Wechsel zwischen Quer- und Hochformaten achten.' width='6336' height='9504' \/><\/figure><noscript><figure style='background-color:#A78579'><img src='https:\/\/www.scheible.de\/wp-content\/uploads\/2020\/05\/portrait-wissenschaftler-hochformat-533x800.jpg' srcset='https:\/\/www.scheible.de\/wp-content\/uploads\/2020\/05\/portrait-wissenschaftler-hochformat-200x300.jpg 320w, https:\/\/www.scheible.de\/wp-content\/uploads\/2020\/05\/portrait-wissenschaftler-hochformat-533x800.jpg 750w, https:\/\/www.scheible.de\/wp-content\/uploads\/2020\/05\/portrait-wissenschaftler-hochformat-1000x1500.jpg 1500w, https:\/\/www.scheible.de\/wp-content\/uploads\/2020\/05\/portrait-wissenschaftler-hochformat.jpg' alt='Portraitfotografie: Wissenschaftler in ihrem Institutsgeb\u00e4ude. Beim Fotografieren sollte man idealerweise auf einen Wechsel zwischen Quer- und Hochformaten achten.' width='6336' height='9504' \/><\/figure><\/noscript>\n<div class='full-size-caption element-invisible fs-hide'>Wissenschaftler in seinem Institutsgeb\u00e4ude. Beim Fotografieren sollte man idealerweise auf einen Wechsel zwischen Quer- und Hochformaten achten.<\/div><p class='thumb-caption element-invisible'>Wissenschaftler in seinem Institutsgeb\u00e4ude.<\/p>\n<\/div>\n<\/div>\n<div id='thumb-1-6' class='thumb layout-item gallery-thumb' data-instance='1' data-hash='portrait-wissenschaftler-spontan' data-bg='#AFB1B8' data-brightness='dark'>\n<div class='thumb-inner'>\n<div class='thumb-bg' aria-hidden='true' style='background-color:#AFB1B8; padding-bottom: calc(9504 \/ 6336 * 100%)'><\/div><figure><img src='data:image\/gif;base64,R0lGODlhAQABAIAAAP\/\/\/\/\/\/\/yH5BAEKAAEALAAAAAABAAEAAAICTAEAOw==' class='lazy' data-src='https:\/\/www.scheible.de\/wp-content\/uploads\/2020\/05\/portrait-wissenschaftler-spontan-533x800.jpg' data-srcset='https:\/\/www.scheible.de\/wp-content\/uploads\/2020\/05\/portrait-wissenschaftler-spontan-200x300.jpg 320w, https:\/\/www.scheible.de\/wp-content\/uploads\/2020\/05\/portrait-wissenschaftler-spontan-533x800.jpg 750w, https:\/\/www.scheible.de\/wp-content\/uploads\/2020\/05\/portrait-wissenschaftler-spontan-1000x1500.jpg' data-src-full='https:\/\/www.scheible.de\/wp-content\/uploads\/2020\/05\/portrait-wissenschaftler-spontan-200x300.jpg 320w, https:\/\/www.scheible.de\/wp-content\/uploads\/2020\/05\/portrait-wissenschaftler-spontan-533x800.jpg 750w, https:\/\/www.scheible.de\/wp-content\/uploads\/2020\/05\/portrait-wissenschaftler-spontan-1000x1500.jpg 1500w, https:\/\/www.scheible.de\/wp-content\/uploads\/2020\/05\/portrait-wissenschaftler-spontan-2000x3000.jpg' alt='Portraitfotografie: Wissenschaftler in seinem Institutsgeb\u00e4ude. Spontane Portraitfotos sind meistens die besten.' width='6336' height='9504' \/><\/figure><noscript><figure style='background-color:#AFB1B8'><img src='https:\/\/www.scheible.de\/wp-content\/uploads\/2020\/05\/portrait-wissenschaftler-spontan-533x800.jpg' srcset='https:\/\/www.scheible.de\/wp-content\/uploads\/2020\/05\/portrait-wissenschaftler-spontan-200x300.jpg 320w, https:\/\/www.scheible.de\/wp-content\/uploads\/2020\/05\/portrait-wissenschaftler-spontan-533x800.jpg 750w, https:\/\/www.scheible.de\/wp-content\/uploads\/2020\/05\/portrait-wissenschaftler-spontan-1000x1500.jpg 1500w, https:\/\/www.scheible.de\/wp-content\/uploads\/2020\/05\/portrait-wissenschaftler-spontan.jpg' alt='Portraitfotografie: Wissenschaftler in seinem Institutsgeb\u00e4ude. Spontane Portraitfotos sind meistens die besten.' width='6336' height='9504' \/><\/figure><\/noscript>\n<div class='full-size-caption element-invisible fs-hide'>Wissenschaftler in seinem Institutsgeb\u00e4ude. Spontane Portraitfotos sind meistens die besten.<\/div><p class='thumb-caption element-invisible'>Wissenschaftler in seinem Institutsgeb\u00e4ude. Spontane Portraitfotos sind meistens die besten.<\/p>\n<\/div>\n<\/div>\n<\/div>\n<\/section>\n","protected":false},"excerpt":{"rendered":"<p>Die meisten Wissenschaftler sind eher vorsichtig, wenn sie einer Kamera gegen\u00fcber stehen. F\u00fcr ein gelungenes Portrait bleibt dem Fotograf aber unverstellt und neugierig zu sein und so aus dem Gegen\u00fcber ein Miteinander zu machen.<\/p>\n","protected":false},"author":1,"featured_media":21609,"parent":420,"menu_order":64,"comment_status":"closed","ping_status":"closed","template":"","meta":{"_acf_changed":false,"footnotes":""},"class_list":["post-20334","page","type-page","status-publish","has-post-thumbnail","hentry"],"acf":[],"_links":{"self":[{"href":"https:\/\/www.scheible.de\/de\/wp-json\/wp\/v2\/pages\/20334","targetHints":{"allow":["GET"]}}],"collection":[{"href":"https:\/\/www.scheible.de\/de\/wp-json\/wp\/v2\/pages"}],"about":[{"href":"https:\/\/www.scheible.de\/de\/wp-json\/wp\/v2\/types\/page"}],"author":[{"embeddable":true,"href":"https:\/\/www.scheible.de\/de\/wp-json\/wp\/v2\/users\/1"}],"replies":[{"embeddable":true,"href":"https:\/\/www.scheible.de\/de\/wp-json\/wp\/v2\/comments?post=20334"}],"version-history":[{"count":9,"href":"https:\/\/www.scheible.de\/de\/wp-json\/wp\/v2\/pages\/20334\/revisions"}],"predecessor-version":[{"id":20583,"href":"https:\/\/www.scheible.de\/de\/wp-json\/wp\/v2\/pages\/20334\/revisions\/20583"}],"up":[{"embeddable":true,"href":"https:\/\/www.scheible.de\/de\/wp-json\/wp\/v2\/pages\/420"}],"wp:featuredmedia":[{"embeddable":true,"href":"https:\/\/www.scheible.de\/de\/wp-json\/wp\/v2\/media\/21609"}],"wp:attachment":[{"href":"https:\/\/www.scheible.de\/de\/wp-json\/wp\/v2\/media?parent=20334"}],"curies":[{"name":"wp","href":"https:\/\/api.w.org\/{rel}","templated":true}]}}