{"id":9821,"date":"2019-08-17T17:28:10","date_gmt":"2019-08-17T15:28:10","guid":{"rendered":"https:\/\/www.scheible.de\/?page_id=9821"},"modified":"2020-05-07T16:49:58","modified_gmt":"2020-05-07T14:49:58","slug":"stress-in-den-gliedern","status":"publish","type":"page","link":"https:\/\/www.scheible.de\/de\/einblick\/stress-in-den-gliedern\/","title":{"rendered":"Stress in den Gliedern"},"content":{"rendered":"<p>Gesucht ist der optimale Standpunkt f\u00fcr ein Pressebild eines Kabelherstellers zum Thema Predictive Maintenance. Im Teststand  werden die elektrischen Parameter des durch eine dauerbewegte Gliederkette gestressten Kabels stetig \u00fcberwacht und so dessen allm\u00e4hlichen Ver\u00e4nderungen gemessen. So kann vorhergesagt werden, wann das Kabel seine Abnutzungsgrenze erreichen wird. Gezieltes Austauschen kurz vor dem Bruch vermeidet dann unerwartete Maschinenausfallzeiten. Das Foto sollte diesen technischen Ansatz m\u00f6glichst auf den ersten Blick erkennbar machen und dabei noch perfekt komponiert sein.<\/p>\n\n\n\n<p>So suchte ich also den idealen Aufnahmewinkel, die richtige Brennweite und das passende Licht. Ein Schraubenschl\u00fcssel half die Perspektive freizur\u00e4umen. Eines der 15 Objektive im Koffer lieferte den optimalen Bildwinkel. Aber die Blitzanlage produzierte in diesem engen Raum die notwendigen Schatten nur mit Hilfe diverser Tricks. Aber wirklicher Stress in meinen eigenen Gliedern blieb aus, denn allumfassende Zufriedenheit ist beim Kunden erreicht, wenn man f\u00fcr so ein Foto nicht l\u00e4nger als eine Stunde braucht. Und das nat\u00fcrlich mit Aus- und wieder Einpacken der mitgebrachten je \u00fcber 20 kg wiegenden Kamerakoffer und Lichttaschen. <\/p>\n\n\n\n<figure class=\"wp-block-image size-large\"><img loading=\"lazy\" decoding=\"async\" width=\"1500\" height=\"1001\" src=\"https:\/\/www.scheible.de\/wp-content\/uploads\/2020\/05\/pressefoto-kabelpruefung-1500x1001.jpg\" alt=\"15955P_20190507_predictive_maintenance_2.tif\" class=\"wp-image-17821\" srcset=\"https:\/\/www.scheible.de\/wp-content\/uploads\/2020\/05\/pressefoto-kabelpruefung-1500x1001.jpg 1500w, https:\/\/www.scheible.de\/wp-content\/uploads\/2020\/05\/pressefoto-kabelpruefung-800x534.jpg 800w, https:\/\/www.scheible.de\/wp-content\/uploads\/2020\/05\/pressefoto-kabelpruefung-300x200.jpg 300w, https:\/\/www.scheible.de\/wp-content\/uploads\/2020\/05\/pressefoto-kabelpruefung-768x512.jpg 768w, https:\/\/www.scheible.de\/wp-content\/uploads\/2020\/05\/pressefoto-kabelpruefung-1536x1025.jpg 1536w, https:\/\/www.scheible.de\/wp-content\/uploads\/2020\/05\/pressefoto-kabelpruefung-2048x1366.jpg 2048w, https:\/\/www.scheible.de\/wp-content\/uploads\/2020\/05\/pressefoto-kabelpruefung-2000x1334.jpg 2000w\" sizes=\"auto, (max-width: 1500px) 100vw, 1500px\" \/><\/figure>","protected":false},"excerpt":{"rendered":"<p>Gesucht ist der optimale Standpunkt f\u00fcr ein Pressebild eines Kabelherstellers zum Thema Predictive Maintenance. Im Teststand werden die elektrischen Parameter des durch eine dauerbewegte Gliederkette gestressten Kabels stetig \u00fcberwacht und so dessen allm\u00e4hlichen Ver\u00e4nderungen gemessen. So kann vorhergesagt werden, wann das Kabel seine Abnutzungsgrenze erreichen wird. Gezieltes Austauschen kurz vor dem Bruch vermeidet dann unerwartete [&hellip;]<\/p>\n","protected":false},"author":1,"featured_media":17821,"parent":420,"menu_order":104,"comment_status":"closed","ping_status":"closed","template":"","meta":{"_acf_changed":false,"footnotes":""},"class_list":["post-9821","page","type-page","status-publish","has-post-thumbnail","hentry"],"acf":[],"_links":{"self":[{"href":"https:\/\/www.scheible.de\/de\/wp-json\/wp\/v2\/pages\/9821","targetHints":{"allow":["GET"]}}],"collection":[{"href":"https:\/\/www.scheible.de\/de\/wp-json\/wp\/v2\/pages"}],"about":[{"href":"https:\/\/www.scheible.de\/de\/wp-json\/wp\/v2\/types\/page"}],"author":[{"embeddable":true,"href":"https:\/\/www.scheible.de\/de\/wp-json\/wp\/v2\/users\/1"}],"replies":[{"embeddable":true,"href":"https:\/\/www.scheible.de\/de\/wp-json\/wp\/v2\/comments?post=9821"}],"version-history":[{"count":33,"href":"https:\/\/www.scheible.de\/de\/wp-json\/wp\/v2\/pages\/9821\/revisions"}],"predecessor-version":[{"id":18570,"href":"https:\/\/www.scheible.de\/de\/wp-json\/wp\/v2\/pages\/9821\/revisions\/18570"}],"up":[{"embeddable":true,"href":"https:\/\/www.scheible.de\/de\/wp-json\/wp\/v2\/pages\/420"}],"wp:featuredmedia":[{"embeddable":true,"href":"https:\/\/www.scheible.de\/de\/wp-json\/wp\/v2\/media\/17821"}],"wp:attachment":[{"href":"https:\/\/www.scheible.de\/de\/wp-json\/wp\/v2\/media?parent=9821"}],"curies":[{"name":"wp","href":"https:\/\/api.w.org\/{rel}","templated":true}]}}