{"id":9860,"date":"2019-08-18T08:37:38","date_gmt":"2019-08-18T06:37:38","guid":{"rendered":"https:\/\/www.scheible.de\/?page_id=9860"},"modified":"2020-05-07T16:51:14","modified_gmt":"2020-05-07T14:51:14","slug":"kalte-akkus","status":"publish","type":"page","link":"https:\/\/www.scheible.de\/de\/einblick\/kalte-akkus\/","title":{"rendered":"Kalte Akkus"},"content":{"rendered":"<p>Kalte Akkus kann man in der Hosentasche aufw\u00e4rmen und minus 23 Grad minimieren das Grundrauschen des Bildsensors. Es ist gro\u00dfartig f\u00fcr gute Landschaftsfotos von Finnlands S\u00fcdk\u00fcste an der Ostsee bezahlt zu werden. <\/p>\n\n\n\n<section class='layout-isotope orderby-menu_order ID'>\n<div class='thumb-grid layout-container has-3-columns' id='thumb-grid-1' data-instance='1' >\n<div class='grid-sizer'><\/div>\n<div id='thumb-1-1' class='thumb layout-item gallery-thumb' data-instance='1' data-hash='winter-finnland-ostseeufer' data-bg='#919EAB' data-brightness='dark'>\n<div class='thumb-inner'>\n<div class='thumb-bg' aria-hidden='true' style='background-color:#919EAB; padding-bottom: calc(4000 \/ 6000 * 100%)'><\/div><figure><img src='data:image\/gif;base64,R0lGODlhAQABAIAAAP\/\/\/\/\/\/\/yH5BAEKAAEALAAAAAABAAEAAAICTAEAOw==' class='lazy' data-src='https:\/\/www.scheible.de\/wp-content\/uploads\/2020\/05\/winter-finnland-ostseeufer-800x533.jpg' data-srcset='https:\/\/www.scheible.de\/wp-content\/uploads\/2020\/05\/winter-finnland-ostseeufer-300x200.jpg 320w, https:\/\/www.scheible.de\/wp-content\/uploads\/2020\/05\/winter-finnland-ostseeufer-800x533.jpg 750w, https:\/\/www.scheible.de\/wp-content\/uploads\/2020\/05\/winter-finnland-ostseeufer-1500x1000.jpg' data-src-full='https:\/\/www.scheible.de\/wp-content\/uploads\/2020\/05\/winter-finnland-ostseeufer-300x200.jpg 320w, https:\/\/www.scheible.de\/wp-content\/uploads\/2020\/05\/winter-finnland-ostseeufer-800x533.jpg 750w, https:\/\/www.scheible.de\/wp-content\/uploads\/2020\/05\/winter-finnland-ostseeufer-1500x1000.jpg 1500w, https:\/\/www.scheible.de\/wp-content\/uploads\/2020\/05\/winter-finnland-ostseeufer-3000x2000.jpg' alt='Landschaftsfotografie: Winter in Finnland: B\u00e4ume am von Schnee bedeckten gefrorenen Ostseeufer.' width='6000' height='4000' \/><\/figure><noscript><figure style='background-color:#919EAB'><img src='https:\/\/www.scheible.de\/wp-content\/uploads\/2020\/05\/winter-finnland-ostseeufer-800x533.jpg' srcset='https:\/\/www.scheible.de\/wp-content\/uploads\/2020\/05\/winter-finnland-ostseeufer-300x200.jpg 320w, https:\/\/www.scheible.de\/wp-content\/uploads\/2020\/05\/winter-finnland-ostseeufer-800x533.jpg 750w, https:\/\/www.scheible.de\/wp-content\/uploads\/2020\/05\/winter-finnland-ostseeufer-1500x1000.jpg 1500w, https:\/\/www.scheible.de\/wp-content\/uploads\/2020\/05\/winter-finnland-ostseeufer.jpg' alt='Landschaftsfotografie: Winter in Finnland: B\u00e4ume am von Schnee bedeckten gefrorenen Ostseeufer.' width='6000' height='4000' \/><\/figure><\/noscript>\n<div class='full-size-caption element-invisible fs-hide'>B\u00e4ume am von Schnee bedeckten gefrorenen Ostseeufer.<\/div><p class='thumb-caption element-invisible'>B\u00e4ume am von Schnee bedeckten Ostseeufer.<\/p>\n<\/div>\n<\/div>\n<div id='thumb-1-2' class='thumb layout-item gallery-thumb' data-instance='1' data-hash='winter-finnland-eisbedeckte-bucht' data-bg='#A8C3DA' data-brightness='dark'>\n<div class='thumb-inner'>\n<div class='thumb-bg' aria-hidden='true' style='background-color:#A8C3DA; padding-bottom: calc(3965 \/ 5947 * 100%)'><\/div><figure><img src='data:image\/gif;base64,R0lGODlhAQABAIAAAP\/\/\/\/\/\/\/yH5BAEKAAEALAAAAAABAAEAAAICTAEAOw==' class='lazy' data-src='https:\/\/www.scheible.de\/wp-content\/uploads\/2020\/05\/winter-finnland-eisbedeckte-bucht-800x533.jpg' data-srcset='https:\/\/www.scheible.de\/wp-content\/uploads\/2020\/05\/winter-finnland-eisbedeckte-bucht-300x200.jpg 320w, https:\/\/www.scheible.de\/wp-content\/uploads\/2020\/05\/winter-finnland-eisbedeckte-bucht-800x533.jpg 750w, https:\/\/www.scheible.de\/wp-content\/uploads\/2020\/05\/winter-finnland-eisbedeckte-bucht-1500x1000.jpg' data-src-full='https:\/\/www.scheible.de\/wp-content\/uploads\/2020\/05\/winter-finnland-eisbedeckte-bucht-300x200.jpg 320w, https:\/\/www.scheible.de\/wp-content\/uploads\/2020\/05\/winter-finnland-eisbedeckte-bucht-800x533.jpg 750w, https:\/\/www.scheible.de\/wp-content\/uploads\/2020\/05\/winter-finnland-eisbedeckte-bucht-1500x1000.jpg 1500w, https:\/\/www.scheible.de\/wp-content\/uploads\/2020\/05\/winter-finnland-eisbedeckte-bucht-3000x2000.jpg' alt='Landschaftsfotografie: Winter in Finnland: Blick auf eine eisbedeckte Ostseebucht, links typische Felsen an der baltischen K\u00fcste von Finnland.' width='5947' height='3965' \/><\/figure><noscript><figure style='background-color:#A8C3DA'><img src='https:\/\/www.scheible.de\/wp-content\/uploads\/2020\/05\/winter-finnland-eisbedeckte-bucht-800x533.jpg' srcset='https:\/\/www.scheible.de\/wp-content\/uploads\/2020\/05\/winter-finnland-eisbedeckte-bucht-300x200.jpg 320w, https:\/\/www.scheible.de\/wp-content\/uploads\/2020\/05\/winter-finnland-eisbedeckte-bucht-800x533.jpg 750w, https:\/\/www.scheible.de\/wp-content\/uploads\/2020\/05\/winter-finnland-eisbedeckte-bucht-1500x1000.jpg 1500w, https:\/\/www.scheible.de\/wp-content\/uploads\/2020\/05\/winter-finnland-eisbedeckte-bucht.jpg' alt='Landschaftsfotografie: Winter in Finnland: Blick auf eine eisbedeckte Ostseebucht, links typische Felsen an der baltischen K\u00fcste von Finnland.' width='5947' height='3965' \/><\/figure><\/noscript>\n<div class='full-size-caption element-invisible fs-hide'>Blick auf eine eisbedeckte Ostseebucht mit typische Felsen an der baltischen K\u00fcste von Finnland.<\/div><p class='thumb-caption element-invisible'>Blick auf eine eisbedeckte Ostseebucht.<\/p>\n<\/div>\n<\/div>\n<div id='thumb-1-3' class='thumb layout-item gallery-thumb' data-instance='1' data-hash='winter-finnland-fischerboot-eis' data-bg='#7E9BB3' data-brightness='dark'>\n<div class='thumb-inner'>\n<div class='thumb-bg' aria-hidden='true' style='background-color:#7E9BB3; padding-bottom: calc(3965 \/ 5947 * 100%)'><\/div><figure><img src='data:image\/gif;base64,R0lGODlhAQABAIAAAP\/\/\/\/\/\/\/yH5BAEKAAEALAAAAAABAAEAAAICTAEAOw==' class='lazy' data-src='https:\/\/www.scheible.de\/wp-content\/uploads\/2020\/05\/winter-finnland-fischerboot-eis-800x533.jpg' data-srcset='https:\/\/www.scheible.de\/wp-content\/uploads\/2020\/05\/winter-finnland-fischerboot-eis-300x200.jpg 320w, https:\/\/www.scheible.de\/wp-content\/uploads\/2020\/05\/winter-finnland-fischerboot-eis-800x533.jpg 750w, https:\/\/www.scheible.de\/wp-content\/uploads\/2020\/05\/winter-finnland-fischerboot-eis-1500x1000.jpg' data-src-full='https:\/\/www.scheible.de\/wp-content\/uploads\/2020\/05\/winter-finnland-fischerboot-eis-300x200.jpg 320w, https:\/\/www.scheible.de\/wp-content\/uploads\/2020\/05\/winter-finnland-fischerboot-eis-800x533.jpg 750w, https:\/\/www.scheible.de\/wp-content\/uploads\/2020\/05\/winter-finnland-fischerboot-eis-1500x1000.jpg 1500w, https:\/\/www.scheible.de\/wp-content\/uploads\/2020\/05\/winter-finnland-fischerboot-eis-3000x2000.jpg' alt='Landschaftsfotografie: Winter in Finnland: Ein Bootssteg f\u00fchrt zu einem kleinen Fischerboot, das im Wintereis eingefroren ist.  Die tiefstehende Sonne strahlt am blauen Himmel.' width='5947' height='3965' \/><\/figure><noscript><figure style='background-color:#7E9BB3'><img src='https:\/\/www.scheible.de\/wp-content\/uploads\/2020\/05\/winter-finnland-fischerboot-eis-800x533.jpg' srcset='https:\/\/www.scheible.de\/wp-content\/uploads\/2020\/05\/winter-finnland-fischerboot-eis-300x200.jpg 320w, https:\/\/www.scheible.de\/wp-content\/uploads\/2020\/05\/winter-finnland-fischerboot-eis-800x533.jpg 750w, https:\/\/www.scheible.de\/wp-content\/uploads\/2020\/05\/winter-finnland-fischerboot-eis-1500x1000.jpg 1500w, https:\/\/www.scheible.de\/wp-content\/uploads\/2020\/05\/winter-finnland-fischerboot-eis.jpg' alt='Landschaftsfotografie: Winter in Finnland: Ein Bootssteg f\u00fchrt zu einem kleinen Fischerboot, das im Wintereis eingefroren ist.  Die tiefstehende Sonne strahlt am blauen Himmel.' width='5947' height='3965' \/><\/figure><\/noscript>\n<div class='full-size-caption element-invisible fs-hide'>Ein Bootssteg f\u00fchrt zu einem kleinen Fischerboot, das im Wintereis eingefroren ist.<\/div><p class='thumb-caption element-invisible'>Kleines Fischerboot, das im Wintereis eingefroren ist.<\/p>\n<\/div>\n<\/div>\n<div id='thumb-1-4' class='thumb layout-item gallery-thumb' data-instance='1' data-hash='winter-finnland-frost-gras' data-bg='#B6D5EA' data-brightness='dark'>\n<div class='thumb-inner'>\n<div class='thumb-bg' aria-hidden='true' style='background-color:#B6D5EA; padding-bottom: calc(4000 \/ 6000 * 100%)'><\/div><figure><img src='data:image\/gif;base64,R0lGODlhAQABAIAAAP\/\/\/\/\/\/\/yH5BAEKAAEALAAAAAABAAEAAAICTAEAOw==' class='lazy' data-src='https:\/\/www.scheible.de\/wp-content\/uploads\/2020\/05\/winter-finnland-frost-gras-800x533.jpg' data-srcset='https:\/\/www.scheible.de\/wp-content\/uploads\/2020\/05\/winter-finnland-frost-gras-300x200.jpg 320w, https:\/\/www.scheible.de\/wp-content\/uploads\/2020\/05\/winter-finnland-frost-gras-800x533.jpg 750w, https:\/\/www.scheible.de\/wp-content\/uploads\/2020\/05\/winter-finnland-frost-gras-1500x1000.jpg' data-src-full='https:\/\/www.scheible.de\/wp-content\/uploads\/2020\/05\/winter-finnland-frost-gras-300x200.jpg 320w, https:\/\/www.scheible.de\/wp-content\/uploads\/2020\/05\/winter-finnland-frost-gras-800x533.jpg 750w, https:\/\/www.scheible.de\/wp-content\/uploads\/2020\/05\/winter-finnland-frost-gras-1500x1000.jpg 1500w, https:\/\/www.scheible.de\/wp-content\/uploads\/2020\/05\/winter-finnland-frost-gras-3000x2000.jpg' alt='Landschaftsfotografie: Winter in Finnland: Gefrorene Gr\u00e4ser am Ufer. Dahinter sieht man Schnee und die Wasserlinie der K\u00fcste.' width='6000' height='4000' \/><\/figure><noscript><figure style='background-color:#B6D5EA'><img src='https:\/\/www.scheible.de\/wp-content\/uploads\/2020\/05\/winter-finnland-frost-gras-800x533.jpg' srcset='https:\/\/www.scheible.de\/wp-content\/uploads\/2020\/05\/winter-finnland-frost-gras-300x200.jpg 320w, https:\/\/www.scheible.de\/wp-content\/uploads\/2020\/05\/winter-finnland-frost-gras-800x533.jpg 750w, https:\/\/www.scheible.de\/wp-content\/uploads\/2020\/05\/winter-finnland-frost-gras-1500x1000.jpg 1500w, https:\/\/www.scheible.de\/wp-content\/uploads\/2020\/05\/winter-finnland-frost-gras.jpg' alt='Landschaftsfotografie: Winter in Finnland: Gefrorene Gr\u00e4ser am Ufer. Dahinter sieht man Schnee und die Wasserlinie der K\u00fcste.' width='6000' height='4000' \/><\/figure><\/noscript>\n<div class='full-size-caption element-invisible fs-hide'>Gefrorene Gr\u00e4ser am Ufer. Dahinter sieht man Schnee und die Wasserlinie der K\u00fcste.<\/div><p class='thumb-caption element-invisible'>Gefrorene Gr\u00e4ser am Ufer.<\/p>\n<\/div>\n<\/div>\n<div id='thumb-1-5' class='thumb layout-item gallery-thumb' data-instance='1' data-hash='winter-finnland-tiefgefroren' data-bg='#A7A9A6' data-brightness='dark'>\n<div class='thumb-inner'>\n<div class='thumb-bg' aria-hidden='true' style='background-color:#A7A9A6; padding-bottom: calc(3835 \/ 5752 * 100%)'><\/div><figure><img src='data:image\/gif;base64,R0lGODlhAQABAIAAAP\/\/\/\/\/\/\/yH5BAEKAAEALAAAAAABAAEAAAICTAEAOw==' class='lazy' data-src='https:\/\/www.scheible.de\/wp-content\/uploads\/2020\/05\/winter-finnland-tiefgefroren-800x533.jpg' data-srcset='https:\/\/www.scheible.de\/wp-content\/uploads\/2020\/05\/winter-finnland-tiefgefroren-300x200.jpg 320w, https:\/\/www.scheible.de\/wp-content\/uploads\/2020\/05\/winter-finnland-tiefgefroren-800x533.jpg 750w, https:\/\/www.scheible.de\/wp-content\/uploads\/2020\/05\/winter-finnland-tiefgefroren-1500x1000.jpg' data-src-full='https:\/\/www.scheible.de\/wp-content\/uploads\/2020\/05\/winter-finnland-tiefgefroren-300x200.jpg 320w, https:\/\/www.scheible.de\/wp-content\/uploads\/2020\/05\/winter-finnland-tiefgefroren-800x533.jpg 750w, https:\/\/www.scheible.de\/wp-content\/uploads\/2020\/05\/winter-finnland-tiefgefroren-1500x1000.jpg 1500w, https:\/\/www.scheible.de\/wp-content\/uploads\/2020\/05\/winter-finnland-tiefgefroren-3000x2000.jpg' alt='Landschaftsfotografie: Winter in Finnland: Spaziergang an der Ostseek\u00fcste bei tiefstehender r\u00f6tlich scheinender Sonne. Die Landschaft ist gefroren. Ein Schwan schwimmt weit drau\u00dfen im kalten Wasser.' width='5752' height='3835' \/><\/figure><noscript><figure style='background-color:#A7A9A6'><img src='https:\/\/www.scheible.de\/wp-content\/uploads\/2020\/05\/winter-finnland-tiefgefroren-800x533.jpg' srcset='https:\/\/www.scheible.de\/wp-content\/uploads\/2020\/05\/winter-finnland-tiefgefroren-300x200.jpg 320w, https:\/\/www.scheible.de\/wp-content\/uploads\/2020\/05\/winter-finnland-tiefgefroren-800x533.jpg 750w, https:\/\/www.scheible.de\/wp-content\/uploads\/2020\/05\/winter-finnland-tiefgefroren-1500x1000.jpg 1500w, https:\/\/www.scheible.de\/wp-content\/uploads\/2020\/05\/winter-finnland-tiefgefroren.jpg' alt='Landschaftsfotografie: Winter in Finnland: Spaziergang an der Ostseek\u00fcste bei tiefstehender r\u00f6tlich scheinender Sonne. Die Landschaft ist gefroren. Ein Schwan schwimmt weit drau\u00dfen im kalten Wasser.' width='5752' height='3835' \/><\/figure><\/noscript>\n<div class='full-size-caption element-invisible fs-hide'>Spaziergang an der Ostseek\u00fcste bei tiefstehender r\u00f6tlich scheinender Sonne. Die Landschaft ist gefroren.<\/div><p class='thumb-caption element-invisible'>Spaziergang an der tiefgefrorenen Ostseek\u00fcste bei tiefstehender r\u00f6tlich scheinender Sonne.<\/p>\n<\/div>\n<\/div>\n<div id='thumb-1-6' class='thumb layout-item gallery-thumb' data-instance='1' data-hash='winter-finnland-vier-schwaene' data-bg='#B8C6CE' data-brightness='dark'>\n<div class='thumb-inner'>\n<div class='thumb-bg' aria-hidden='true' style='background-color:#B8C6CE; padding-bottom: calc(4000 \/ 6000 * 100%)'><\/div><figure><img src='data:image\/gif;base64,R0lGODlhAQABAIAAAP\/\/\/\/\/\/\/yH5BAEKAAEALAAAAAABAAEAAAICTAEAOw==' class='lazy' data-src='https:\/\/www.scheible.de\/wp-content\/uploads\/2020\/05\/winter-finnland-vier-schwaene-800x533.jpg' data-srcset='https:\/\/www.scheible.de\/wp-content\/uploads\/2020\/05\/winter-finnland-vier-schwaene-300x200.jpg 320w, https:\/\/www.scheible.de\/wp-content\/uploads\/2020\/05\/winter-finnland-vier-schwaene-800x533.jpg 750w, https:\/\/www.scheible.de\/wp-content\/uploads\/2020\/05\/winter-finnland-vier-schwaene-1500x1000.jpg' data-src-full='https:\/\/www.scheible.de\/wp-content\/uploads\/2020\/05\/winter-finnland-vier-schwaene-300x200.jpg 320w, https:\/\/www.scheible.de\/wp-content\/uploads\/2020\/05\/winter-finnland-vier-schwaene-800x533.jpg 750w, https:\/\/www.scheible.de\/wp-content\/uploads\/2020\/05\/winter-finnland-vier-schwaene-1500x1000.jpg 1500w, https:\/\/www.scheible.de\/wp-content\/uploads\/2020\/05\/winter-finnland-vier-schwaene-3000x2000.jpg' alt='Landschaftsfotografie: Winter in Finnland: Vier Schw\u00e4ne schwimmen in einer Kette hintereinander im kalten Wasser der Ostsee. Im Vordergrund eisbedeckte Felsen.' width='6000' height='4000' \/><\/figure><noscript><figure style='background-color:#B8C6CE'><img src='https:\/\/www.scheible.de\/wp-content\/uploads\/2020\/05\/winter-finnland-vier-schwaene-800x533.jpg' srcset='https:\/\/www.scheible.de\/wp-content\/uploads\/2020\/05\/winter-finnland-vier-schwaene-300x200.jpg 320w, https:\/\/www.scheible.de\/wp-content\/uploads\/2020\/05\/winter-finnland-vier-schwaene-800x533.jpg 750w, https:\/\/www.scheible.de\/wp-content\/uploads\/2020\/05\/winter-finnland-vier-schwaene-1500x1000.jpg 1500w, https:\/\/www.scheible.de\/wp-content\/uploads\/2020\/05\/winter-finnland-vier-schwaene.jpg' alt='Landschaftsfotografie: Winter in Finnland: Vier Schw\u00e4ne schwimmen in einer Kette hintereinander im kalten Wasser der Ostsee. Im Vordergrund eisbedeckte Felsen.' width='6000' height='4000' \/><\/figure><\/noscript>\n<div class='full-size-caption element-invisible fs-hide'> Vier Schw\u00e4ne schwimmen in einer Kette hintereinander im kalten Wasser der Ostsee.<\/div><p class='thumb-caption element-invisible'> Vier Schw\u00e4ne schwimmen hintereinander im kalten Wasser der Ostsee.<\/p>\n<\/div>\n<\/div>\n<div id='thumb-1-7' class='thumb layout-item gallery-thumb' data-instance='1' data-hash='winter-finnland-schiff-am-horizont' data-bg='#A5BDCE' data-brightness='dark'>\n<div class='thumb-inner'>\n<div class='thumb-bg' aria-hidden='true' style='background-color:#A5BDCE; padding-bottom: calc(3945 \/ 5917 * 100%)'><\/div><figure><img src='data:image\/gif;base64,R0lGODlhAQABAIAAAP\/\/\/\/\/\/\/yH5BAEKAAEALAAAAAABAAEAAAICTAEAOw==' class='lazy' data-src='https:\/\/www.scheible.de\/wp-content\/uploads\/2020\/05\/winter-finnland-schiff-am-horizont-800x533.jpg' data-srcset='https:\/\/www.scheible.de\/wp-content\/uploads\/2020\/05\/winter-finnland-schiff-am-horizont-300x200.jpg 320w, https:\/\/www.scheible.de\/wp-content\/uploads\/2020\/05\/winter-finnland-schiff-am-horizont-800x533.jpg 750w, https:\/\/www.scheible.de\/wp-content\/uploads\/2020\/05\/winter-finnland-schiff-am-horizont-1500x1000.jpg' data-src-full='https:\/\/www.scheible.de\/wp-content\/uploads\/2020\/05\/winter-finnland-schiff-am-horizont-300x200.jpg 320w, https:\/\/www.scheible.de\/wp-content\/uploads\/2020\/05\/winter-finnland-schiff-am-horizont-800x533.jpg 750w, https:\/\/www.scheible.de\/wp-content\/uploads\/2020\/05\/winter-finnland-schiff-am-horizont-1500x1000.jpg 1500w, https:\/\/www.scheible.de\/wp-content\/uploads\/2020\/05\/winter-finnland-schiff-am-horizont-3000x2000.jpg' alt='Landschaftsfotografie: Winter in Finnland: Ein Schiff f\u00e4hrt am Horizont im Wasser der eiskalten winterlichen Ostsee. Durch die Luftbewegungen und Spiegelungen sieht es aus, als w\u00fcrde es in der Luft schweben.' width='5917' height='3945' \/><\/figure><noscript><figure style='background-color:#A5BDCE'><img src='https:\/\/www.scheible.de\/wp-content\/uploads\/2020\/05\/winter-finnland-schiff-am-horizont-800x533.jpg' srcset='https:\/\/www.scheible.de\/wp-content\/uploads\/2020\/05\/winter-finnland-schiff-am-horizont-300x200.jpg 320w, https:\/\/www.scheible.de\/wp-content\/uploads\/2020\/05\/winter-finnland-schiff-am-horizont-800x533.jpg 750w, https:\/\/www.scheible.de\/wp-content\/uploads\/2020\/05\/winter-finnland-schiff-am-horizont-1500x1000.jpg 1500w, https:\/\/www.scheible.de\/wp-content\/uploads\/2020\/05\/winter-finnland-schiff-am-horizont.jpg' alt='Landschaftsfotografie: Winter in Finnland: Ein Schiff f\u00e4hrt am Horizont im Wasser der eiskalten winterlichen Ostsee. Durch die Luftbewegungen und Spiegelungen sieht es aus, als w\u00fcrde es in der Luft schweben.' width='5917' height='3945' \/><\/figure><\/noscript>\n<div class='full-size-caption element-invisible fs-hide'>Ein Schiff f\u00e4hrt am Horizont im Wasser der eiskalten winterlichen Ostsee. Durch die Luftbewegungen und Spiegelungen scheint es in der Luft zu schweben.<\/div><p class='thumb-caption element-invisible'>Ein Schiff f\u00e4hrt am Horizont im Wasser der eiskalten winterlichen Ostsee.<\/p>\n<\/div>\n<\/div>\n<div id='thumb-1-8' class='thumb layout-item gallery-thumb' data-instance='1' data-hash='winter-finnland-winterkueste' data-bg='#778697' data-brightness='dark'>\n<div class='thumb-inner'>\n<div class='thumb-bg' aria-hidden='true' style='background-color:#778697; padding-bottom: calc(3989 \/ 5984 * 100%)'><\/div><figure><img src='data:image\/gif;base64,R0lGODlhAQABAIAAAP\/\/\/\/\/\/\/yH5BAEKAAEALAAAAAABAAEAAAICTAEAOw==' class='lazy' data-src='https:\/\/www.scheible.de\/wp-content\/uploads\/2020\/05\/winter-finnland-winterkueste-800x533.jpg' data-srcset='https:\/\/www.scheible.de\/wp-content\/uploads\/2020\/05\/winter-finnland-winterkueste-300x200.jpg 320w, https:\/\/www.scheible.de\/wp-content\/uploads\/2020\/05\/winter-finnland-winterkueste-800x533.jpg 750w, https:\/\/www.scheible.de\/wp-content\/uploads\/2020\/05\/winter-finnland-winterkueste-1500x1000.jpg' data-src-full='https:\/\/www.scheible.de\/wp-content\/uploads\/2020\/05\/winter-finnland-winterkueste-300x200.jpg 320w, https:\/\/www.scheible.de\/wp-content\/uploads\/2020\/05\/winter-finnland-winterkueste-800x533.jpg 750w, https:\/\/www.scheible.de\/wp-content\/uploads\/2020\/05\/winter-finnland-winterkueste-1500x1000.jpg 1500w, https:\/\/www.scheible.de\/wp-content\/uploads\/2020\/05\/winter-finnland-winterkueste-3000x2000.jpg' alt='Landschaftsfotografie: Winter in Finnland: Kleine Inseln mit abgeschliffenen Felsen mit Schnee und Eis bei r\u00f6tlichem diffusem Sonnenlicht ergeben eine typische winterliche Ansicht der Ostseek\u00fcste.' width='5984' height='3989' \/><\/figure><noscript><figure style='background-color:#778697'><img src='https:\/\/www.scheible.de\/wp-content\/uploads\/2020\/05\/winter-finnland-winterkueste-800x533.jpg' srcset='https:\/\/www.scheible.de\/wp-content\/uploads\/2020\/05\/winter-finnland-winterkueste-300x200.jpg 320w, https:\/\/www.scheible.de\/wp-content\/uploads\/2020\/05\/winter-finnland-winterkueste-800x533.jpg 750w, https:\/\/www.scheible.de\/wp-content\/uploads\/2020\/05\/winter-finnland-winterkueste-1500x1000.jpg 1500w, https:\/\/www.scheible.de\/wp-content\/uploads\/2020\/05\/winter-finnland-winterkueste.jpg' alt='Landschaftsfotografie: Winter in Finnland: Kleine Inseln mit abgeschliffenen Felsen mit Schnee und Eis bei r\u00f6tlichem diffusem Sonnenlicht ergeben eine typische winterliche Ansicht der Ostseek\u00fcste.' width='5984' height='3989' \/><\/figure><\/noscript>\n<div class='full-size-caption element-invisible fs-hide'>Kleine Inseln mit abgeschliffenen Felsen mit Schnee und Eis bei r\u00f6tlichem diffusem Sonnenlicht ergeben eine typische Ansicht der Ostseek\u00fcste.<\/div><p class='thumb-caption element-invisible'>Typische winterliche Ansicht der Ostseek\u00fcste.<\/p>\n<\/div>\n<\/div>\n<div id='thumb-1-9' class='thumb layout-item gallery-thumb' data-instance='1' data-hash='winter-finnland-mondaufgang-kueste' data-bg='#274B7C' data-brightness='bright'>\n<div class='thumb-inner'>\n<div class='thumb-bg' aria-hidden='true' style='background-color:#274B7C; padding-bottom: calc(4000 \/ 6000 * 100%)'><\/div><figure><img src='data:image\/gif;base64,R0lGODlhAQABAIAAAP\/\/\/\/\/\/\/yH5BAEKAAEALAAAAAABAAEAAAICTAEAOw==' class='lazy' data-src='https:\/\/www.scheible.de\/wp-content\/uploads\/2020\/05\/winter-finnland-mondaufgang-kueste-800x533.jpg' data-srcset='https:\/\/www.scheible.de\/wp-content\/uploads\/2020\/05\/winter-finnland-mondaufgang-kueste-300x200.jpg 320w, https:\/\/www.scheible.de\/wp-content\/uploads\/2020\/05\/winter-finnland-mondaufgang-kueste-800x533.jpg 750w, https:\/\/www.scheible.de\/wp-content\/uploads\/2020\/05\/winter-finnland-mondaufgang-kueste-1500x1000.jpg' data-src-full='https:\/\/www.scheible.de\/wp-content\/uploads\/2020\/05\/winter-finnland-mondaufgang-kueste-300x200.jpg 320w, https:\/\/www.scheible.de\/wp-content\/uploads\/2020\/05\/winter-finnland-mondaufgang-kueste-800x533.jpg 750w, https:\/\/www.scheible.de\/wp-content\/uploads\/2020\/05\/winter-finnland-mondaufgang-kueste-1500x1000.jpg 1500w, https:\/\/www.scheible.de\/wp-content\/uploads\/2020\/05\/winter-finnland-mondaufgang-kueste-3000x2000.jpg' alt='Landschaftsfotografie: Winter in Finnland: Der aufgehende rote Mond \u00fcber den typischen schneebedeckten Felsen der Ostseek\u00fcste.' width='6000' height='4000' \/><\/figure><noscript><figure style='background-color:#274B7C'><img src='https:\/\/www.scheible.de\/wp-content\/uploads\/2020\/05\/winter-finnland-mondaufgang-kueste-800x533.jpg' srcset='https:\/\/www.scheible.de\/wp-content\/uploads\/2020\/05\/winter-finnland-mondaufgang-kueste-300x200.jpg 320w, https:\/\/www.scheible.de\/wp-content\/uploads\/2020\/05\/winter-finnland-mondaufgang-kueste-800x533.jpg 750w, https:\/\/www.scheible.de\/wp-content\/uploads\/2020\/05\/winter-finnland-mondaufgang-kueste-1500x1000.jpg 1500w, https:\/\/www.scheible.de\/wp-content\/uploads\/2020\/05\/winter-finnland-mondaufgang-kueste.jpg' alt='Landschaftsfotografie: Winter in Finnland: Der aufgehende rote Mond \u00fcber den typischen schneebedeckten Felsen der Ostseek\u00fcste.' width='6000' height='4000' \/><\/figure><\/noscript>\n<div class='full-size-caption element-invisible fs-hide'>Der aufgehende rote Mond \u00fcber den typischen schneebedeckten Felsen der Ostseek\u00fcste.<\/div><p class='thumb-caption element-invisible'>Der aufgehende rote Mond an der Ostseek\u00fcste.<\/p>\n<\/div>\n<\/div>\n<\/div>\n<\/section>\n","protected":false},"excerpt":{"rendered":"<p>Kalte Akkus kann man in der Hosentasche aufw\u00e4rmen und minus 23 Grad minimieren das Grundrauschen des Bildsensors. Es ist gro\u00dfartig f\u00fcr gute Landschaftsfotos von Finnlands S\u00fcdk\u00fcste an der Ostsee bezahlt zu werden.<\/p>\n","protected":false},"author":1,"featured_media":17833,"parent":420,"menu_order":106,"comment_status":"closed","ping_status":"closed","template":"","meta":{"_acf_changed":false,"footnotes":""},"class_list":["post-9860","page","type-page","status-publish","has-post-thumbnail","hentry"],"acf":[],"_links":{"self":[{"href":"https:\/\/www.scheible.de\/de\/wp-json\/wp\/v2\/pages\/9860","targetHints":{"allow":["GET"]}}],"collection":[{"href":"https:\/\/www.scheible.de\/de\/wp-json\/wp\/v2\/pages"}],"about":[{"href":"https:\/\/www.scheible.de\/de\/wp-json\/wp\/v2\/types\/page"}],"author":[{"embeddable":true,"href":"https:\/\/www.scheible.de\/de\/wp-json\/wp\/v2\/users\/1"}],"replies":[{"embeddable":true,"href":"https:\/\/www.scheible.de\/de\/wp-json\/wp\/v2\/comments?post=9860"}],"version-history":[{"count":14,"href":"https:\/\/www.scheible.de\/de\/wp-json\/wp\/v2\/pages\/9860\/revisions"}],"predecessor-version":[{"id":10515,"href":"https:\/\/www.scheible.de\/de\/wp-json\/wp\/v2\/pages\/9860\/revisions\/10515"}],"up":[{"embeddable":true,"href":"https:\/\/www.scheible.de\/de\/wp-json\/wp\/v2\/pages\/420"}],"wp:featuredmedia":[{"embeddable":true,"href":"https:\/\/www.scheible.de\/de\/wp-json\/wp\/v2\/media\/17833"}],"wp:attachment":[{"href":"https:\/\/www.scheible.de\/de\/wp-json\/wp\/v2\/media?parent=9860"}],"curies":[{"name":"wp","href":"https:\/\/api.w.org\/{rel}","templated":true}]}}